{"id":1088,"date":"2015-07-01T07:19:12","date_gmt":"2015-07-01T07:19:12","guid":{"rendered":"http:\/\/zlobek.mikolow.eu\/?page_id=1088"},"modified":"2019-04-15T11:31:44","modified_gmt":"2019-04-15T11:31:44","slug":"pn-12015-dostawa-zywnosci-dla-zlobka-miejskiego-im-tadeusza-wiecka-w-mikolowie","status":"publish","type":"page","link":"https:\/\/zlobek.mikolow.eu\/?page_id=1088","title":{"rendered":"PN-1\/2015 Dostawa \u017cywno\u015bci dla \u017b\u0142obka Miejskiego im. Tadeusza Wi\u0119cka w Miko\u0142owie"},"content":{"rendered":"<p><a href=\"https:\/\/zlobek.mikolow.eu\/wp-content\/uploads\/2015\/07\/ogloszenie_o_udzieleniu_zam.htm\">Og\u0142oszenie_o_udzieleniu_zam\u00f3wienia<\/a><\/p>\n<p><a href=\"https:\/\/zlobek.mikolow.eu\/wp-content\/uploads\/2015\/07\/PN_1_2015_zawiadomienie_o_wyborze1.pdf\">Informacja_o_wyborze oferty<\/a><\/p>\n<p><a href=\"https:\/\/zlobek.mikolow.eu\/wp-content\/uploads\/2015\/06\/88875-2015.html\">Og\u0142oszenie o zam\u00f3wieniu<\/a><\/p>\n<p><a href=\"https:\/\/zlobek.mikolow.eu\/wp-content\/uploads\/2015\/06\/SIWZ-PN-1-2015.pdf\">SIWZ-PN-1-2015<\/a><\/p>\n<p><a href=\"https:\/\/zlobek.mikolow.eu\/wp-content\/uploads\/2015\/06\/zal-10-o\u015bwiadczenie-PN-1.pdf\">zal 10 o\u015bwiadczenie-PN-1<\/a><\/p>\n<p><a href=\"https:\/\/zlobek.mikolow.eu\/wp-content\/uploads\/2015\/06\/zal-11-o\u015bwiadczenie-PN-1.pdf\">zal 11 o\u015bwiadczenie-PN-1<\/a><\/p>\n<p><a href=\"https:\/\/zlobek.mikolow.eu\/wp-content\/uploads\/2015\/06\/Wz\u00f3r-Umowy-PN-1.pdf\">Wz\u00f3r Umowy PN-1<\/a><\/p>\n","protected":false},"excerpt":{"rendered":"<p>Og\u0142oszenie_o_udzieleniu_zam\u00f3wienia Informacja_o_wyborze oferty Og\u0142oszenie o zam\u00f3wieniu SIWZ-PN-1-2015 zal 10 o\u015bwiadczenie-PN-1 zal 11 o\u015bwiadczenie-PN-1 Wz\u00f3r Umowy PN-1<\/p>\n","protected":false},"author":5,"featured_media":0,"parent":4143,"menu_order":4,"comment_status":"closed","ping_status":"closed","template":"","meta":{"footnotes":""},"class_list":["post-1088","page","type-page","status-publish","hentry"],"_links":{"self":[{"href":"https:\/\/zlobek.mikolow.eu\/index.php?rest_route=\/wp\/v2\/pages\/1088","targetHints":{"allow":["GET"]}}],"collection":[{"href":"https:\/\/zlobek.mikolow.eu\/index.php?rest_route=\/wp\/v2\/pages"}],"about":[{"href":"https:\/\/zlobek.mikolow.eu\/index.php?rest_route=\/wp\/v2\/types\/page"}],"author":[{"embeddable":true,"href":"https:\/\/zlobek.mikolow.eu\/index.php?rest_route=\/wp\/v2\/users\/5"}],"replies":[{"embeddable":true,"href":"https:\/\/zlobek.mikolow.eu\/index.php?rest_route=%2Fwp%2Fv2%2Fcomments&post=1088"}],"version-history":[{"count":8,"href":"https:\/\/zlobek.mikolow.eu\/index.php?rest_route=\/wp\/v2\/pages\/1088\/revisions"}],"predecessor-version":[{"id":1141,"href":"https:\/\/zlobek.mikolow.eu\/index.php?rest_route=\/wp\/v2\/pages\/1088\/revisions\/1141"}],"up":[{"embeddable":true,"href":"https:\/\/zlobek.mikolow.eu\/index.php?rest_route=\/wp\/v2\/pages\/4143"}],"wp:attachment":[{"href":"https:\/\/zlobek.mikolow.eu\/index.php?rest_route=%2Fwp%2Fv2%2Fmedia&parent=1088"}],"curies":[{"name":"wp","href":"https:\/\/api.w.org\/{rel}","templated":true}]}}