{"id":1267,"date":"2015-10-09T08:23:27","date_gmt":"2015-10-09T08:23:27","guid":{"rendered":"http:\/\/zlobek.mikolow.eu\/?page_id=1267"},"modified":"2019-04-15T11:37:37","modified_gmt":"2019-04-15T11:37:37","slug":"pn-82015-zakup-i-dostawa-odziezy-roboczej-do-zlobka-miejskiego-im-tadeusza-wiecka-w-mikolowie","status":"publish","type":"page","link":"https:\/\/zlobek.mikolow.eu\/?page_id=1267","title":{"rendered":"PN-8\/2015 Zakup i dostawa odzie\u017cy roboczej do \u017b\u0142obka Miejskiego im. Tadeusza Wi\u0119cka w Miko\u0142owie"},"content":{"rendered":"<p><a href=\"https:\/\/zlobek.mikolow.eu\/wp-content\/uploads\/2015\/11\/PN_8_ogloszenie_o_udziel_zam.htm\">PN_8_2015 og\u0142oszenie_o_udzieleniu_zam\u00f3wienia<\/a><\/p>\n<p><a href=\"https:\/\/zlobek.mikolow.eu\/wp-content\/uploads\/2015\/10\/PN_8_2015_wynik.pdf\">PN_8_2015_informacja o wyborze oferty<\/a><\/p>\n<p><a href=\"https:\/\/zlobek.mikolow.eu\/wp-content\/uploads\/2015\/10\/PN_8_ogloszenie_o_zam.htm\">PN_8_ogloszenie_o_zam\u00f3wieniu<\/a><\/p>\n<p><a href=\"https:\/\/zlobek.mikolow.eu\/wp-content\/uploads\/2015\/10\/PN_8_2015_siwz.pdf\">PN_8_2015_siwz<\/a><\/p>\n<p><a href=\"https:\/\/zlobek.mikolow.eu\/wp-content\/uploads\/2015\/10\/PN_8_2015_zal_1.pdf\">PN_8_2015_zal_1<\/a><\/p>\n<p><a href=\"https:\/\/zlobek.mikolow.eu\/wp-content\/uploads\/2015\/10\/PN_8_2015_zal_2.pdf\">PN_8_2015_zal_2<\/a><\/p>\n<p><a href=\"https:\/\/zlobek.mikolow.eu\/wp-content\/uploads\/2015\/10\/PN_8_2015_zal_3.pdf\">PN_8_2015_zal_3<\/a><\/p>\n<p><a href=\"https:\/\/zlobek.mikolow.eu\/wp-content\/uploads\/2015\/10\/PN_8_2015_wzor_umowy.pdf\">PN_8_2015_wz\u00f3r_umowy<\/a><\/p>\n","protected":false},"excerpt":{"rendered":"<p>PN_8_2015 og\u0142oszenie_o_udzieleniu_zam\u00f3wienia PN_8_2015_informacja o wyborze oferty PN_8_ogloszenie_o_zam\u00f3wieniu PN_8_2015_siwz PN_8_2015_zal_1 PN_8_2015_zal_2 PN_8_2015_zal_3 PN_8_2015_wz\u00f3r_umowy<\/p>\n","protected":false},"author":5,"featured_media":0,"parent":4143,"menu_order":7,"comment_status":"closed","ping_status":"closed","template":"","meta":{"footnotes":""},"class_list":["post-1267","page","type-page","status-publish","hentry"],"_links":{"self":[{"href":"https:\/\/zlobek.mikolow.eu\/index.php?rest_route=\/wp\/v2\/pages\/1267","targetHints":{"allow":["GET"]}}],"collection":[{"href":"https:\/\/zlobek.mikolow.eu\/index.php?rest_route=\/wp\/v2\/pages"}],"about":[{"href":"https:\/\/zlobek.mikolow.eu\/index.php?rest_route=\/wp\/v2\/types\/page"}],"author":[{"embeddable":true,"href":"https:\/\/zlobek.mikolow.eu\/index.php?rest_route=\/wp\/v2\/users\/5"}],"replies":[{"embeddable":true,"href":"https:\/\/zlobek.mikolow.eu\/index.php?rest_route=%2Fwp%2Fv2%2Fcomments&post=1267"}],"version-history":[{"count":5,"href":"https:\/\/zlobek.mikolow.eu\/index.php?rest_route=\/wp\/v2\/pages\/1267\/revisions"}],"predecessor-version":[{"id":1434,"href":"https:\/\/zlobek.mikolow.eu\/index.php?rest_route=\/wp\/v2\/pages\/1267\/revisions\/1434"}],"up":[{"embeddable":true,"href":"https:\/\/zlobek.mikolow.eu\/index.php?rest_route=\/wp\/v2\/pages\/4143"}],"wp:attachment":[{"href":"https:\/\/zlobek.mikolow.eu\/index.php?rest_route=%2Fwp%2Fv2%2Fmedia&parent=1267"}],"curies":[{"name":"wp","href":"https:\/\/api.w.org\/{rel}","templated":true}]}}