{"id":1276,"date":"2015-10-09T11:41:55","date_gmt":"2015-10-09T11:41:55","guid":{"rendered":"http:\/\/zlobek.mikolow.eu\/?page_id=1276"},"modified":"2019-04-15T11:36:44","modified_gmt":"2019-04-15T11:36:44","slug":"pn-72015-zakup-i-dostawa-artykulow-plastycznych-i-biurowych-do-zlobka-miejskiego-im-tadeusza-wiecka-w-mikolowie","status":"publish","type":"page","link":"https:\/\/zlobek.mikolow.eu\/?page_id=1276","title":{"rendered":"PN-7\/2015 Zakup i dostawa artyku\u0142\u00f3w plastycznych i biurowych do \u017b\u0142obka Miejskiego im. Tadeusza Wi\u0119cka w Miko\u0142owie"},"content":{"rendered":"<p><a href=\"https:\/\/zlobek.mikolow.eu\/wp-content\/uploads\/2015\/11\/PN_7_2015_wynik-uniewaznienie.jpg\">Uniewa\u017cnienie post\u0119powania<img loading=\"lazy\" decoding=\"async\" class=\"alignnone size-medium wp-image-1339\" src=\"https:\/\/zlobek.mikolow.eu\/wp-content\/uploads\/2015\/11\/PN_7_2015_wynik-uniewaznienie-208x300.jpg\" alt=\"PN_7_2015_wynik - uniewaznienie\" width=\"208\" height=\"300\" srcset=\"https:\/\/zlobek.mikolow.eu\/wp-content\/uploads\/2015\/11\/PN_7_2015_wynik-uniewaznienie-208x300.jpg 208w, https:\/\/zlobek.mikolow.eu\/wp-content\/uploads\/2015\/11\/PN_7_2015_wynik-uniewaznienie-710x1024.jpg 710w, https:\/\/zlobek.mikolow.eu\/wp-content\/uploads\/2015\/11\/PN_7_2015_wynik-uniewaznienie.jpg 1216w\" sizes=\"auto, (max-width: 208px) 100vw, 208px\" \/><\/a><\/p>\n<p><a href=\"https:\/\/zlobek.mikolow.eu\/wp-content\/uploads\/2015\/10\/PN_7_2015_wynik.pdf\">PN_7_2015_informacja o wyborze oferty<\/a><\/p>\n<p>&nbsp;<\/p>\n<p><a href=\"https:\/\/zlobek.mikolow.eu\/wp-content\/uploads\/2015\/10\/PN_7_2015_ODP_A.pdf\">PN_7_2015_ODP_A<\/a><\/p>\n<p>&nbsp;<\/p>\n<p><a href=\"https:\/\/zlobek.mikolow.eu\/wp-content\/uploads\/2015\/10\/PN_7_2015_ODP_B.pdf\">PN_7_2015_ODP_B<\/a><\/p>\n<p><a href=\"https:\/\/zlobek.mikolow.eu\/wp-content\/uploads\/2015\/10\/PN_7_2015_zal_1.doc\">PN_7_2015_zal_1<\/a><\/p>\n<p>&nbsp;<\/p>\n<p><a href=\"https:\/\/zlobek.mikolow.eu\/wp-content\/uploads\/2015\/10\/PN_7_2015_zmiana_siwz.pdf\">PN_7_2015_zmiana_siwz<\/a><\/p>\n<hr \/>\n<p><a href=\"https:\/\/zlobek.mikolow.eu\/wp-content\/uploads\/2015\/10\/PN_7_ogloszenie-o_zam.htm\">PN_7_og\u0142oszenie o_zam\u00f3wieniu<\/a><\/p>\n<p><a href=\"https:\/\/zlobek.mikolow.eu\/wp-content\/uploads\/2015\/10\/PN_7_2015_siwz.pdf\">PN_7_2015_siwz<\/a><\/p>\n<p><a href=\"https:\/\/zlobek.mikolow.eu\/wp-content\/uploads\/2015\/10\/PN_7_2015_zal_1.pdf\">PN_7_2015_zal_1<\/a><\/p>\n<p><a href=\"https:\/\/zlobek.mikolow.eu\/wp-content\/uploads\/2015\/10\/PN_7_2015_zal_2.pdf\">PN_7_2015_zal_2<\/a><\/p>\n<p><a href=\"https:\/\/zlobek.mikolow.eu\/wp-content\/uploads\/2015\/10\/PN_7_2015_zal_3.pdf\">PN_7_2015_zal_3<\/a><\/p>\n<p><a href=\"https:\/\/zlobek.mikolow.eu\/wp-content\/uploads\/2015\/10\/PN_7_2015_siwz.pdf\">P<\/a><a href=\"https:\/\/zlobek.mikolow.eu\/wp-content\/uploads\/2015\/10\/PN_7_2015_wzor_umowy.pdf\">N_7_2015_wzor_umowy<\/a><\/p>\n","protected":false},"excerpt":{"rendered":"<p>Uniewa\u017cnienie post\u0119powania PN_7_2015_informacja o wyborze oferty &nbsp; PN_7_2015_ODP_A &nbsp; PN_7_2015_ODP_B PN_7_2015_zal_1 &nbsp; PN_7_2015_zmiana_siwz PN_7_og\u0142oszenie o_zam\u00f3wieniu PN_7_2015_siwz PN_7_2015_zal_1 PN_7_2015_zal_2 PN_7_2015_zal_3 PN_7_2015_wzor_umowy<\/p>\n","protected":false},"author":5,"featured_media":0,"parent":4143,"menu_order":6,"comment_status":"closed","ping_status":"closed","template":"","meta":{"footnotes":""},"class_list":["post-1276","page","type-page","status-publish","hentry"],"_links":{"self":[{"href":"https:\/\/zlobek.mikolow.eu\/index.php?rest_route=\/wp\/v2\/pages\/1276","targetHints":{"allow":["GET"]}}],"collection":[{"href":"https:\/\/zlobek.mikolow.eu\/index.php?rest_route=\/wp\/v2\/pages"}],"about":[{"href":"https:\/\/zlobek.mikolow.eu\/index.php?rest_route=\/wp\/v2\/types\/page"}],"author":[{"embeddable":true,"href":"https:\/\/zlobek.mikolow.eu\/index.php?rest_route=\/wp\/v2\/users\/5"}],"replies":[{"embeddable":true,"href":"https:\/\/zlobek.mikolow.eu\/index.php?rest_route=%2Fwp%2Fv2%2Fcomments&post=1276"}],"version-history":[{"count":9,"href":"https:\/\/zlobek.mikolow.eu\/index.php?rest_route=\/wp\/v2\/pages\/1276\/revisions"}],"predecessor-version":[{"id":1340,"href":"https:\/\/zlobek.mikolow.eu\/index.php?rest_route=\/wp\/v2\/pages\/1276\/revisions\/1340"}],"up":[{"embeddable":true,"href":"https:\/\/zlobek.mikolow.eu\/index.php?rest_route=\/wp\/v2\/pages\/4143"}],"wp:attachment":[{"href":"https:\/\/zlobek.mikolow.eu\/index.php?rest_route=%2Fwp%2Fv2%2Fmedia&parent=1276"}],"curies":[{"name":"wp","href":"https:\/\/api.w.org\/{rel}","templated":true}]}}