{"id":1567,"date":"2015-12-11T12:45:17","date_gmt":"2015-12-11T12:45:17","guid":{"rendered":"http:\/\/zlobek.mikolow.eu\/?page_id=1567"},"modified":"2019-04-15T11:38:43","modified_gmt":"2019-04-15T11:38:43","slug":"pn-52015-zakup-i-dostawa-sprzetu-elektronicznego-i-materialow-eksploatacyjnych-do-zlobka-miejskiego-im-tadeusza-wiecka-w-mikolowie","status":"publish","type":"page","link":"https:\/\/zlobek.mikolow.eu\/?page_id=1567","title":{"rendered":"PN-5\/2015 Zakup i dostawa sprz\u0119tu elektronicznego i materia\u0142\u00f3w eksploatacyjnych do \u017b\u0142obka Miejskiego im. Tadeusza Wi\u0119cka w Miko\u0142owie"},"content":{"rendered":"<p><a title=\"PN-5\/2015 zakup i dostawa sprz\u0119tu elektronicznego i materia\u0142\u00f3w eksploatacyjnych do \u017b\u0142obka Miejskiego im. Tadeusza Wi\u0119cka w Miko\u0142owie\" href=\"http:\/\/bip.mikolow.eu\/index.php\/dokumenty\/7180\">http:\/\/bip.mikolow.eu\/index.php\/dokumenty\/7180<\/a><\/p>\n","protected":false},"excerpt":{"rendered":"<p>http:\/\/bip.mikolow.eu\/index.php\/dokumenty\/7180<\/p>\n","protected":false},"author":5,"featured_media":0,"parent":4143,"menu_order":9,"comment_status":"closed","ping_status":"closed","template":"","meta":{"footnotes":""},"class_list":["post-1567","page","type-page","status-publish","hentry"],"_links":{"self":[{"href":"https:\/\/zlobek.mikolow.eu\/index.php?rest_route=\/wp\/v2\/pages\/1567","targetHints":{"allow":["GET"]}}],"collection":[{"href":"https:\/\/zlobek.mikolow.eu\/index.php?rest_route=\/wp\/v2\/pages"}],"about":[{"href":"https:\/\/zlobek.mikolow.eu\/index.php?rest_route=\/wp\/v2\/types\/page"}],"author":[{"embeddable":true,"href":"https:\/\/zlobek.mikolow.eu\/index.php?rest_route=\/wp\/v2\/users\/5"}],"replies":[{"embeddable":true,"href":"https:\/\/zlobek.mikolow.eu\/index.php?rest_route=%2Fwp%2Fv2%2Fcomments&post=1567"}],"version-history":[{"count":1,"href":"https:\/\/zlobek.mikolow.eu\/index.php?rest_route=\/wp\/v2\/pages\/1567\/revisions"}],"predecessor-version":[{"id":1568,"href":"https:\/\/zlobek.mikolow.eu\/index.php?rest_route=\/wp\/v2\/pages\/1567\/revisions\/1568"}],"up":[{"embeddable":true,"href":"https:\/\/zlobek.mikolow.eu\/index.php?rest_route=\/wp\/v2\/pages\/4143"}],"wp:attachment":[{"href":"https:\/\/zlobek.mikolow.eu\/index.php?rest_route=%2Fwp%2Fv2%2Fmedia&parent=1567"}],"curies":[{"name":"wp","href":"https:\/\/api.w.org\/{rel}","templated":true}]}}