{"id":1569,"date":"2015-12-11T12:47:39","date_gmt":"2015-12-11T12:47:39","guid":{"rendered":"http:\/\/zlobek.mikolow.eu\/?page_id=1569"},"modified":"2019-04-15T11:39:19","modified_gmt":"2019-04-15T11:39:19","slug":"pn-122015-zakup-i-dostawa-zabawek-mebli-i-baterii-do-zlobka-miejskiego-im-tadeusza-wiecka-w-mikolowie","status":"publish","type":"page","link":"https:\/\/zlobek.mikolow.eu\/?page_id=1569","title":{"rendered":"PN-12\/2015 Zakup i dostawa zabawek, mebli i baterii do \u017b\u0142obka Miejskiego im. Tadeusza Wi\u0119cka w Miko\u0142owie"},"content":{"rendered":"<p><a title=\"PN-12 zakup i dostawa zabawek, mebli i baterii do \u017b\u0142obka Miejskiego im. Tadeusza Wi\u0119cka w Miko\u0142owie\" href=\"http:\/\/bip.mikolow.eu\/index.php\/dokumenty\/7181\">http:\/\/bip.mikolow.eu\/index.php\/dokumenty\/7181<\/a><\/p>\n","protected":false},"excerpt":{"rendered":"<p>http:\/\/bip.mikolow.eu\/index.php\/dokumenty\/7181<\/p>\n","protected":false},"author":5,"featured_media":0,"parent":4143,"menu_order":10,"comment_status":"closed","ping_status":"closed","template":"","meta":{"footnotes":""},"class_list":["post-1569","page","type-page","status-publish","hentry"],"_links":{"self":[{"href":"https:\/\/zlobek.mikolow.eu\/index.php?rest_route=\/wp\/v2\/pages\/1569","targetHints":{"allow":["GET"]}}],"collection":[{"href":"https:\/\/zlobek.mikolow.eu\/index.php?rest_route=\/wp\/v2\/pages"}],"about":[{"href":"https:\/\/zlobek.mikolow.eu\/index.php?rest_route=\/wp\/v2\/types\/page"}],"author":[{"embeddable":true,"href":"https:\/\/zlobek.mikolow.eu\/index.php?rest_route=\/wp\/v2\/users\/5"}],"replies":[{"embeddable":true,"href":"https:\/\/zlobek.mikolow.eu\/index.php?rest_route=%2Fwp%2Fv2%2Fcomments&post=1569"}],"version-history":[{"count":1,"href":"https:\/\/zlobek.mikolow.eu\/index.php?rest_route=\/wp\/v2\/pages\/1569\/revisions"}],"predecessor-version":[{"id":1570,"href":"https:\/\/zlobek.mikolow.eu\/index.php?rest_route=\/wp\/v2\/pages\/1569\/revisions\/1570"}],"up":[{"embeddable":true,"href":"https:\/\/zlobek.mikolow.eu\/index.php?rest_route=\/wp\/v2\/pages\/4143"}],"wp:attachment":[{"href":"https:\/\/zlobek.mikolow.eu\/index.php?rest_route=%2Fwp%2Fv2%2Fmedia&parent=1569"}],"curies":[{"name":"wp","href":"https:\/\/api.w.org\/{rel}","templated":true}]}}