{"id":1660,"date":"2016-02-09T13:54:52","date_gmt":"2016-02-09T13:54:52","guid":{"rendered":"http:\/\/zlobek.mikolow.eu\/?page_id=1660"},"modified":"2019-04-15T11:29:51","modified_gmt":"2019-04-15T11:29:51","slug":"pn-12016-czesc-1-zakup-i-sukcesywna-dostawa-srodkow-czystosci-do-zlobka-miejskiego-im-tadeusza-wiecka-w-mikolowie-czesc-2-zakup-i-dostawa-zarowek-do-zlobka-miejskiego-im-tadeusza-wiecka-w-mik","status":"publish","type":"page","link":"https:\/\/zlobek.mikolow.eu\/?page_id=1660","title":{"rendered":"PN-1\/2016 Cz\u0119\u015b\u0107 1- zakup i sukcesywna dostawa \u015brodk\u00f3w czysto\u015bci do \u017b\u0142obka Miejskiego im. Tadeusza Wi\u0119cka w Miko\u0142owie.    Cz\u0119\u015b\u0107 2- zakup i dostawa \u017car\u00f3wek do \u017b\u0142obka Miejskiego im. Tadeusza Wi\u0119cka w Miko\u0142owie.  Cz\u0119\u015b\u0107 3- zakup i dostawa akcesori\u00f3w do kalkulatora do \u017b\u0142obka Miejskiego im. Tadeusza Wi\u0119cka w Miko\u0142owie."},"content":{"rendered":"<p><a href=\"http:\/\/www.mikolow.bip.gmina.pl\/index.php?id=352\">http:\/\/www.mikolow.bip.gmina.pl\/index.php?id=352<\/a><\/p>\n","protected":false},"excerpt":{"rendered":"<p>http:\/\/www.mikolow.bip.gmina.pl\/index.php?id=352<\/p>\n","protected":false},"author":5,"featured_media":0,"parent":4139,"menu_order":8,"comment_status":"closed","ping_status":"closed","template":"","meta":{"footnotes":""},"class_list":["post-1660","page","type-page","status-publish","hentry"],"_links":{"self":[{"href":"https:\/\/zlobek.mikolow.eu\/index.php?rest_route=\/wp\/v2\/pages\/1660","targetHints":{"allow":["GET"]}}],"collection":[{"href":"https:\/\/zlobek.mikolow.eu\/index.php?rest_route=\/wp\/v2\/pages"}],"about":[{"href":"https:\/\/zlobek.mikolow.eu\/index.php?rest_route=\/wp\/v2\/types\/page"}],"author":[{"embeddable":true,"href":"https:\/\/zlobek.mikolow.eu\/index.php?rest_route=\/wp\/v2\/users\/5"}],"replies":[{"embeddable":true,"href":"https:\/\/zlobek.mikolow.eu\/index.php?rest_route=%2Fwp%2Fv2%2Fcomments&post=1660"}],"version-history":[{"count":4,"href":"https:\/\/zlobek.mikolow.eu\/index.php?rest_route=\/wp\/v2\/pages\/1660\/revisions"}],"predecessor-version":[{"id":1664,"href":"https:\/\/zlobek.mikolow.eu\/index.php?rest_route=\/wp\/v2\/pages\/1660\/revisions\/1664"}],"up":[{"embeddable":true,"href":"https:\/\/zlobek.mikolow.eu\/index.php?rest_route=\/wp\/v2\/pages\/4139"}],"wp:attachment":[{"href":"https:\/\/zlobek.mikolow.eu\/index.php?rest_route=%2Fwp%2Fv2%2Fmedia&parent=1660"}],"curies":[{"name":"wp","href":"https:\/\/api.w.org\/{rel}","templated":true}]}}