{"id":184,"date":"2015-02-04T21:36:29","date_gmt":"2015-02-04T21:36:29","guid":{"rendered":"http:\/zlobek.mikolow.eu\/?page_id=184"},"modified":"2022-10-25T10:01:31","modified_gmt":"2022-10-25T10:01:31","slug":"plan-dnia","status":"publish","type":"page","link":"https:\/\/zlobek.mikolow.eu\/?page_id=184","title":{"rendered":"Plan Dnia"},"content":{"rendered":"<p style=\"font-weight: 400;\"><strong>RAMOWY PLAN DNIA<\/strong><\/p>\n<p style=\"font-weight: 400;\"><strong>\u00a0<\/strong><\/p>\n<p style=\"font-weight: 400;\">\n<table style=\"font-weight: 400;\" width=\"736\">\n<tbody>\n<tr>\n<td>6.00 ? 8.00<\/td>\n<td>Przyjmowanie dzieci, zabawy poranne i indywidualne zaj\u0119cia z dzie\u0107mi..<\/td>\n<\/tr>\n<tr>\n<td>8.05 ? 8.30<\/td>\n<td>Czynno\u015bci porz\u0105dkowe po zaj\u0119ciach porannych, zabiegi piel\u0119gnacyjne,<\/p>\n<p>przygotowanie do \u015bniadania.<\/td>\n<\/tr>\n<tr>\n<td>8.30 ? 9.00<\/td>\n<td>\u015aniadanie.<\/td>\n<\/tr>\n<tr>\n<td>9.00 ? 9.15<\/td>\n<td>Zabiegi piel\u0119gnacyjne, przygotowanie do zaj\u0119\u0107.<\/td>\n<\/tr>\n<tr>\n<td>9.15 ? 10.00<\/td>\n<td>Realizacja zada\u0144 wychowawczo ? edukacyjnych zgodnych z planem pracy \u017c\u0142obka<\/p>\n<p>( zaj\u0119cia plastyczne, muzyczne, ruchowe, tematyczne), spacer, zabawy na placach zabaw.<\/td>\n<\/tr>\n<tr>\n<td>10.00 ? 10.15<\/td>\n<td>Drugie \u015bniadania, zabiegi higieniczne.<\/td>\n<\/tr>\n<tr>\n<td>10.15 ? 11.00<\/td>\n<td>Zabawy tematyczne w k\u0105cikach zainteresowa\u0144, swobodne zabawy dzieci.<\/td>\n<\/tr>\n<tr>\n<td>11.00 ? 11.30<\/td>\n<td>Prace porz\u0105dkowe po zaj\u0119ciach, zabiegi piel\u0119gnacyjne, przygotowanie do obiadu.<\/td>\n<\/tr>\n<tr>\n<td>11.30 ? 12.00<\/td>\n<td>Obiad.<\/td>\n<\/tr>\n<tr>\n<td>12.00 ? 14.00<\/td>\n<td>Cisza poobiednia &#8211;\u00a0 le\u017cakowanie.<\/td>\n<\/tr>\n<tr>\n<td>14.00 ? 14.30<\/td>\n<td>Zabiegi piel\u0119gnacyjne, przygotowanie do podwieczorku.<\/td>\n<\/tr>\n<tr>\n<td>14.30 ? 15.00<\/td>\n<td>Podwieczorek.<\/td>\n<\/tr>\n<tr>\n<td>15.00 ? 16.15<\/td>\n<td>Zaj\u0119cia indywidualne, zabawy i gry dowolne, rozchodzenie si\u0119 dzieci do dom\u00f3w.<\/td>\n<\/tr>\n<\/tbody>\n<\/table>\n<p style=\"font-weight: 400;\">16.15 ? 16.30\u00a0\u00a0\u00a0\u00a0 Czynno\u015bci porz\u0105dkowe.<\/p>\n<p style=\"font-weight: 400;\">\n","protected":false},"excerpt":{"rendered":"<p>RAMOWY PLAN DNIA \u00a0 6.00 ? 8.00 Przyjmowanie dzieci, zabawy poranne i indywidualne zaj\u0119cia z dzie\u0107mi.. 8.05 ? 8.30 Czynno\u015bci porz\u0105dkowe po zaj\u0119ciach porannych, zabiegi piel\u0119gnacyjne, przygotowanie do \u015bniadania. 8.30 ? 9.00 \u015aniadanie. 9.00 ? 9.15 Zabiegi piel\u0119gnacyjne, przygotowanie do zaj\u0119\u0107. 9.15 ? 10.00 Realizacja zada\u0144 wychowawczo ? edukacyjnych zgodnych z planem pracy \u017c\u0142obka ( zaj\u0119cia plastyczne, muzyczne, ruchowe, tematyczne), spacer, zabawy na placach zabaw. 10.00 ? 10.15 Drugie \u015bniadania, zabiegi higieniczne. 10.15 ? 11.00 Zabawy tematyczne w k\u0105cikach zainteresowa\u0144, swobodne zabawy dzieci. 11.00 ? 11.30 Prace porz\u0105dkowe po zaj\u0119ciach, zabiegi piel\u0119gnacyjne, przygotowanie do obiadu. 11.30 ? 12.00 Obiad. 12.00 ? 14.00 Cisza poobiednia &#8211;\u00a0 le\u017cakowanie. 14.00 ? 14.30 Zabiegi <a href=\"https:\/\/zlobek.mikolow.eu\/?page_id=184\">Continue reading &#8594;<\/a><\/p>\n","protected":false},"author":1,"featured_media":0,"parent":0,"menu_order":0,"comment_status":"closed","ping_status":"closed","template":"","meta":{"footnotes":""},"class_list":["post-184","page","type-page","status-publish","hentry"],"_links":{"self":[{"href":"https:\/\/zlobek.mikolow.eu\/index.php?rest_route=\/wp\/v2\/pages\/184","targetHints":{"allow":["GET"]}}],"collection":[{"href":"https:\/\/zlobek.mikolow.eu\/index.php?rest_route=\/wp\/v2\/pages"}],"about":[{"href":"https:\/\/zlobek.mikolow.eu\/index.php?rest_route=\/wp\/v2\/types\/page"}],"author":[{"embeddable":true,"href":"https:\/\/zlobek.mikolow.eu\/index.php?rest_route=\/wp\/v2\/users\/1"}],"replies":[{"embeddable":true,"href":"https:\/\/zlobek.mikolow.eu\/index.php?rest_route=%2Fwp%2Fv2%2Fcomments&post=184"}],"version-history":[{"count":10,"href":"https:\/\/zlobek.mikolow.eu\/index.php?rest_route=\/wp\/v2\/pages\/184\/revisions"}],"predecessor-version":[{"id":5055,"href":"https:\/\/zlobek.mikolow.eu\/index.php?rest_route=\/wp\/v2\/pages\/184\/revisions\/5055"}],"wp:attachment":[{"href":"https:\/\/zlobek.mikolow.eu\/index.php?rest_route=%2Fwp%2Fv2%2Fmedia&parent=184"}],"curies":[{"name":"wp","href":"https:\/\/api.w.org\/{rel}","templated":true}]}}