{"id":2154,"date":"2016-09-29T17:27:18","date_gmt":"2016-09-29T17:27:18","guid":{"rendered":"http:\/\/zlobek.mikolow.eu\/?page_id=2154"},"modified":"2019-04-15T11:25:33","modified_gmt":"2019-04-15T11:25:33","slug":"pn-52-16zm-zakup-i-dostawa-zabawek","status":"publish","type":"page","link":"https:\/\/zlobek.mikolow.eu\/?page_id=2154","title":{"rendered":"PN-5\/2016\/\u017bM Zakup i dostawa zabawek"},"content":{"rendered":"<p><a href=\"https:\/\/zlobek.mikolow.eu\/wp-content\/uploads\/2016\/09\/PN_5_2016_ogl_o_udziel_zam.pdf\">PN_5_2016_ogl_o_udziel_zam<\/a><\/p>\n<p><a href=\"https:\/\/zlobek.mikolow.eu\/wp-content\/uploads\/2016\/09\/PN_5_2016_ogl_o_zmianie_oglosz_o_udziel_zam.pdf\">PN_5_2016_ogl_o_zmianie_oglosz_o_udziel_zam<\/a><\/p>\n<p>&nbsp;<\/p>\n<p><a href=\"https:\/\/zlobek.mikolow.eu\/wp-content\/uploads\/2016\/09\/PN_5_2016_wynik.pdf\">PN_5_2016_wynik<\/a><\/p>\n<p><a href=\"https:\/\/zlobek.mikolow.eu\/wp-content\/uploads\/2016\/09\/PN_5_2016_zestawienie_ofert.pdf\">PN_5_2016_zestawienie_ofert<\/a><\/p>\n<p><a href=\"https:\/\/zlobek.mikolow.eu\/wp-content\/uploads\/2016\/09\/PN_5_2016_\u017bM_siwz.pdf\">PN_5_2016_\u017bM_siwz<\/a><\/p>\n<p><a href=\"https:\/\/zlobek.mikolow.eu\/wp-content\/uploads\/2016\/09\/PN_5_2016_\u017bM_zal_A.pdf\">PN_5_2016_\u017bM_zal_A<\/a><\/p>\n<p><a href=\"https:\/\/zlobek.mikolow.eu\/wp-content\/uploads\/2016\/09\/PN_5_2016_\u017bM_zal_1.doc\">PN_5_2016_\u017bM_zal_1<\/a><\/p>\n<p><a href=\"https:\/\/zlobek.mikolow.eu\/wp-content\/uploads\/2016\/09\/PN_5_2016_\u017bM_zal_A.pdf\">P<\/a><a href=\"https:\/\/zlobek.mikolow.eu\/wp-content\/uploads\/2016\/09\/PN_5_2016_\u017bM_zal_2.doc\">N_5_2016_\u017bM_zal_2<\/a><\/p>\n<p><a href=\"https:\/\/zlobek.mikolow.eu\/wp-content\/uploads\/2016\/09\/PN_5_2016_\u017bM_wzor_umowy.pdf\">PN_5_2016_\u017bM_wzor_umowy<\/a><\/p>\n<p>http:\/\/bzp.uzp.gov.pl\/Out\/Browser.aspx?id=c06ea2a8-d5d2-4b92-a322-6f9139435f72&amp;path=20160929%5c315649_2016.html\u00a0\u00a0 og\u0142oszenie<\/p>\n","protected":false},"excerpt":{"rendered":"<p>PN_5_2016_ogl_o_udziel_zam PN_5_2016_ogl_o_zmianie_oglosz_o_udziel_zam &nbsp; PN_5_2016_wynik PN_5_2016_zestawienie_ofert PN_5_2016_\u017bM_siwz PN_5_2016_\u017bM_zal_A PN_5_2016_\u017bM_zal_1 PN_5_2016_\u017bM_zal_2 PN_5_2016_\u017bM_wzor_umowy http:\/\/bzp.uzp.gov.pl\/Out\/Browser.aspx?id=c06ea2a8-d5d2-4b92-a322-6f9139435f72&amp;path=20160929%5c315649_2016.html\u00a0\u00a0 og\u0142oszenie<\/p>\n","protected":false},"author":5,"featured_media":0,"parent":4139,"menu_order":4,"comment_status":"closed","ping_status":"closed","template":"","meta":{"footnotes":""},"class_list":["post-2154","page","type-page","status-publish","hentry"],"_links":{"self":[{"href":"https:\/\/zlobek.mikolow.eu\/index.php?rest_route=\/wp\/v2\/pages\/2154","targetHints":{"allow":["GET"]}}],"collection":[{"href":"https:\/\/zlobek.mikolow.eu\/index.php?rest_route=\/wp\/v2\/pages"}],"about":[{"href":"https:\/\/zlobek.mikolow.eu\/index.php?rest_route=\/wp\/v2\/types\/page"}],"author":[{"embeddable":true,"href":"https:\/\/zlobek.mikolow.eu\/index.php?rest_route=\/wp\/v2\/users\/5"}],"replies":[{"embeddable":true,"href":"https:\/\/zlobek.mikolow.eu\/index.php?rest_route=%2Fwp%2Fv2%2Fcomments&post=2154"}],"version-history":[{"count":8,"href":"https:\/\/zlobek.mikolow.eu\/index.php?rest_route=\/wp\/v2\/pages\/2154\/revisions"}],"predecessor-version":[{"id":2290,"href":"https:\/\/zlobek.mikolow.eu\/index.php?rest_route=\/wp\/v2\/pages\/2154\/revisions\/2290"}],"up":[{"embeddable":true,"href":"https:\/\/zlobek.mikolow.eu\/index.php?rest_route=\/wp\/v2\/pages\/4139"}],"wp:attachment":[{"href":"https:\/\/zlobek.mikolow.eu\/index.php?rest_route=%2Fwp%2Fv2%2Fmedia&parent=2154"}],"curies":[{"name":"wp","href":"https:\/\/api.w.org\/{rel}","templated":true}]}}