{"id":2169,"date":"2016-10-12T10:28:48","date_gmt":"2016-10-12T10:28:48","guid":{"rendered":"http:\/\/zlobek.mikolow.eu\/?page_id=2169"},"modified":"2019-04-15T11:24:56","modified_gmt":"2019-04-15T11:24:56","slug":"pn-62016zm-dostawa-odziezy-roboczej","status":"publish","type":"page","link":"https:\/\/zlobek.mikolow.eu\/?page_id=2169","title":{"rendered":"PN-6\/2016\/\u017bM DOSTAWA ODZIE\u017bY ROBOCZEJ"},"content":{"rendered":"<p><a href=\"https:\/\/zlobek.mikolow.eu\/wp-content\/uploads\/2016\/10\/PN_6_2016_Og\u0142oszenie_o_udzieleniu_zamowienia.pdf\">PN_6_2016_Og\u0142oszenie_o_udzieleniu_zamowienia<\/a><\/p>\n<p><a href=\"https:\/\/zlobek.mikolow.eu\/wp-content\/uploads\/2016\/10\/PN_6_2016_wynik.pdf\">PN_6_2016_wynik<\/a><\/p>\n<p><a href=\"https:\/\/zlobek.mikolow.eu\/wp-content\/uploads\/2016\/10\/PN_6_2016_zestawienie_ofert.pdf\">PN_6_2016_zestawienie_ofert<\/a><\/p>\n<p><a href=\"https:\/\/zlobek.mikolow.eu\/wp-content\/uploads\/2016\/10\/PN_6_2016_\u017bM_ogloszenie_o_zam.pdf\">PN_6_2016_\u017bM_ogloszenie_o_zam<\/a><\/p>\n<p><a href=\"https:\/\/zlobek.mikolow.eu\/wp-content\/uploads\/2016\/10\/PN_6_2016_\u017bM_siwz1.pdf\">PN_6_2016_\u017bM_siwz<\/a><\/p>\n<p><a href=\"https:\/\/zlobek.mikolow.eu\/wp-content\/uploads\/2016\/10\/PN_6_2016_\u017bM_zal_1.doc\">PN_6_2016_\u017bM_zal_1<\/a><\/p>\n<p><a href=\"https:\/\/zlobek.mikolow.eu\/wp-content\/uploads\/2016\/10\/PN_6_2016_\u017bM_zal_2.doc\">PN_6_2016_\u017bM_zal_2<\/a><\/p>\n<p><a href=\"https:\/\/zlobek.mikolow.eu\/wp-content\/uploads\/2016\/10\/PN_6_2016_\u017bM_wzor_umowy.pdf\">PN_6_2016_\u017bM_wzor_umowy<\/a><\/p>\n<p>&nbsp;<\/p>\n","protected":false},"excerpt":{"rendered":"<p>PN_6_2016_Og\u0142oszenie_o_udzieleniu_zamowienia PN_6_2016_wynik PN_6_2016_zestawienie_ofert PN_6_2016_\u017bM_ogloszenie_o_zam PN_6_2016_\u017bM_siwz PN_6_2016_\u017bM_zal_1 PN_6_2016_\u017bM_zal_2 PN_6_2016_\u017bM_wzor_umowy &nbsp;<\/p>\n","protected":false},"author":5,"featured_media":0,"parent":4139,"menu_order":3,"comment_status":"closed","ping_status":"closed","template":"","meta":{"footnotes":""},"class_list":["post-2169","page","type-page","status-publish","hentry"],"_links":{"self":[{"href":"https:\/\/zlobek.mikolow.eu\/index.php?rest_route=\/wp\/v2\/pages\/2169","targetHints":{"allow":["GET"]}}],"collection":[{"href":"https:\/\/zlobek.mikolow.eu\/index.php?rest_route=\/wp\/v2\/pages"}],"about":[{"href":"https:\/\/zlobek.mikolow.eu\/index.php?rest_route=\/wp\/v2\/types\/page"}],"author":[{"embeddable":true,"href":"https:\/\/zlobek.mikolow.eu\/index.php?rest_route=\/wp\/v2\/users\/5"}],"replies":[{"embeddable":true,"href":"https:\/\/zlobek.mikolow.eu\/index.php?rest_route=%2Fwp%2Fv2%2Fcomments&post=2169"}],"version-history":[{"count":6,"href":"https:\/\/zlobek.mikolow.eu\/index.php?rest_route=\/wp\/v2\/pages\/2169\/revisions"}],"predecessor-version":[{"id":2440,"href":"https:\/\/zlobek.mikolow.eu\/index.php?rest_route=\/wp\/v2\/pages\/2169\/revisions\/2440"}],"up":[{"embeddable":true,"href":"https:\/\/zlobek.mikolow.eu\/index.php?rest_route=\/wp\/v2\/pages\/4139"}],"wp:attachment":[{"href":"https:\/\/zlobek.mikolow.eu\/index.php?rest_route=%2Fwp%2Fv2%2Fmedia&parent=2169"}],"curies":[{"name":"wp","href":"https:\/\/api.w.org\/{rel}","templated":true}]}}