{"id":2300,"date":"2016-11-28T14:15:28","date_gmt":"2016-11-28T14:15:28","guid":{"rendered":"http:\/\/zlobek.mikolow.eu\/?page_id=2300"},"modified":"2019-04-12T11:40:41","modified_gmt":"2019-04-12T11:40:41","slug":"pn_7_2016_zm-zakup-i-sukcesywna-dostawa-zywnosci","status":"publish","type":"page","link":"https:\/\/zlobek.mikolow.eu\/?page_id=2300","title":{"rendered":"PN_7_2016_\u017bM Zakup i sukcesywna dostawa \u017cywno\u015bci"},"content":{"rendered":"<p><a title=\"Dokumentacja przetargowa\" href=\"http:\/\/www.mikolow.bip.gmina.pl\/index.php?id=1372\">http:\/\/www.mikolow.bip.gmina.pl\/index.php?id=1372<\/a><\/p>\n","protected":false},"excerpt":{"rendered":"<p>http:\/\/www.mikolow.bip.gmina.pl\/index.php?id=1372<\/p>\n","protected":false},"author":5,"featured_media":0,"parent":4139,"menu_order":1,"comment_status":"closed","ping_status":"closed","template":"","meta":{"footnotes":""},"class_list":["post-2300","page","type-page","status-publish","hentry"],"_links":{"self":[{"href":"https:\/\/zlobek.mikolow.eu\/index.php?rest_route=\/wp\/v2\/pages\/2300","targetHints":{"allow":["GET"]}}],"collection":[{"href":"https:\/\/zlobek.mikolow.eu\/index.php?rest_route=\/wp\/v2\/pages"}],"about":[{"href":"https:\/\/zlobek.mikolow.eu\/index.php?rest_route=\/wp\/v2\/types\/page"}],"author":[{"embeddable":true,"href":"https:\/\/zlobek.mikolow.eu\/index.php?rest_route=\/wp\/v2\/users\/5"}],"replies":[{"embeddable":true,"href":"https:\/\/zlobek.mikolow.eu\/index.php?rest_route=%2Fwp%2Fv2%2Fcomments&post=2300"}],"version-history":[{"count":3,"href":"https:\/\/zlobek.mikolow.eu\/index.php?rest_route=\/wp\/v2\/pages\/2300\/revisions"}],"predecessor-version":[{"id":2303,"href":"https:\/\/zlobek.mikolow.eu\/index.php?rest_route=\/wp\/v2\/pages\/2300\/revisions\/2303"}],"up":[{"embeddable":true,"href":"https:\/\/zlobek.mikolow.eu\/index.php?rest_route=\/wp\/v2\/pages\/4139"}],"wp:attachment":[{"href":"https:\/\/zlobek.mikolow.eu\/index.php?rest_route=%2Fwp%2Fv2%2Fmedia&parent=2300"}],"curies":[{"name":"wp","href":"https:\/\/api.w.org\/{rel}","templated":true}]}}