{"id":2432,"date":"2016-12-06T14:02:09","date_gmt":"2016-12-06T14:02:09","guid":{"rendered":"http:\/\/zlobek.mikolow.eu\/?page_id=2432"},"modified":"2019-04-12T11:20:50","modified_gmt":"2019-04-12T11:20:50","slug":"pn_8_2016_zm-zakup-i-sukcesywna-dostawa-srodkow-czystosci","status":"publish","type":"page","link":"https:\/\/zlobek.mikolow.eu\/?page_id=2432","title":{"rendered":"PN_8_2016_\u017bM Zakup i sukcesywna dostawa \u015brodk\u00f3w czysto\u015bci"},"content":{"rendered":"<p>http:\/\/www.mikolow.bip.gmina.pl\/index.php?id=1372<\/p>\n","protected":false},"excerpt":{"rendered":"<p>http:\/\/www.mikolow.bip.gmina.pl\/index.php?id=1372<\/p>\n","protected":false},"author":5,"featured_media":0,"parent":4139,"menu_order":0,"comment_status":"closed","ping_status":"closed","template":"","meta":{"footnotes":""},"class_list":["post-2432","page","type-page","status-publish","hentry"],"_links":{"self":[{"href":"https:\/\/zlobek.mikolow.eu\/index.php?rest_route=\/wp\/v2\/pages\/2432","targetHints":{"allow":["GET"]}}],"collection":[{"href":"https:\/\/zlobek.mikolow.eu\/index.php?rest_route=\/wp\/v2\/pages"}],"about":[{"href":"https:\/\/zlobek.mikolow.eu\/index.php?rest_route=\/wp\/v2\/types\/page"}],"author":[{"embeddable":true,"href":"https:\/\/zlobek.mikolow.eu\/index.php?rest_route=\/wp\/v2\/users\/5"}],"replies":[{"embeddable":true,"href":"https:\/\/zlobek.mikolow.eu\/index.php?rest_route=%2Fwp%2Fv2%2Fcomments&post=2432"}],"version-history":[{"count":1,"href":"https:\/\/zlobek.mikolow.eu\/index.php?rest_route=\/wp\/v2\/pages\/2432\/revisions"}],"predecessor-version":[{"id":2433,"href":"https:\/\/zlobek.mikolow.eu\/index.php?rest_route=\/wp\/v2\/pages\/2432\/revisions\/2433"}],"up":[{"embeddable":true,"href":"https:\/\/zlobek.mikolow.eu\/index.php?rest_route=\/wp\/v2\/pages\/4139"}],"wp:attachment":[{"href":"https:\/\/zlobek.mikolow.eu\/index.php?rest_route=%2Fwp%2Fv2%2Fmedia&parent=2432"}],"curies":[{"name":"wp","href":"https:\/\/api.w.org\/{rel}","templated":true}]}}