{"id":4106,"date":"2019-02-20T12:38:04","date_gmt":"2019-02-20T12:38:04","guid":{"rendered":"http:\/\/zlobek.mikolow.eu\/?page_id=4106"},"modified":"2026-04-08T08:52:33","modified_gmt":"2026-04-08T08:52:33","slug":"do-druku","status":"publish","type":"page","link":"https:\/\/zlobek.mikolow.eu\/?page_id=4106","title":{"rendered":"Do druku"},"content":{"rendered":"\n<p>INFORMACJA<\/p>\n\n\n\n<p><\/p>\n\n\n\n<div class=\"wp-block-file\"><a id=\"wp-block-file--media-32d0292a-ed0f-48bf-bd1b-43614c01ce24\" href=\"https:\/\/zlobek.mikolow.eu\/wp-content\/uploads\/2026\/04\/UMOWA-ZLOBEK-2026-1.docx\"><strong>UMOWA \u017b\u0141OBEK 2026\/2027 <\/strong><\/a><a href=\"https:\/\/zlobek.mikolow.eu\/wp-content\/uploads\/2026\/04\/UMOWA-ZLOBEK-2026-1.docx\" class=\"wp-block-file__button wp-element-button\" download aria-describedby=\"wp-block-file--media-32d0292a-ed0f-48bf-bd1b-43614c01ce24\">Pobierz<\/a><\/div>\n\n\n\n<div class=\"wp-block-file\"><a id=\"wp-block-file--media-6b6fc05e-3b8f-45d9-b3cd-3810c18da655\" href=\"https:\/\/zlobek.mikolow.eu\/wp-content\/uploads\/2024\/12\/umowa-za-zlobkiem-aneks-2025.docx\"><br><strong>Aneks do umowy 2026<\/strong><\/a><a href=\"https:\/\/zlobek.mikolow.eu\/wp-content\/uploads\/2024\/12\/umowa-za-zlobkiem-aneks-2025.docx\" class=\"wp-block-file__button wp-element-button\" download aria-describedby=\"wp-block-file--media-6b6fc05e-3b8f-45d9-b3cd-3810c18da655\">Pobierz<\/a><\/div>\n\n\n\n<p>\u017b\u0142obek Miejski im. Tadeusza Wi\u0119cka w Miko\u0142owie zwraca si\u0119 z pro\u015bb\u0105 o wydrukowanie umowy w dw\u00f3ch jednobrzmi\u0105cych egzemplarzach (wydrukowan\u0105 na obu stronach arkusza papieru).<\/p>\n\n\n\n<p><strong>Co nale\u017cy dostarczy\u0107:<\/strong><\/p>\n\n\n\n<p>Od &nbsp;<span style=\"color: #ff0000;\"><strong>11.05.2026 r. <\/strong><\/span>do <span style=\"color: #ff0000;\"><strong>29.05.2026 r. <\/strong><\/span>nale\u017cy dostarczy\u0107 wniosek o potwierdzenie ch\u0119ci woli<\/p>\n\n\n\n<div class=\"wp-block-file\"><a id=\"wp-block-file--media-e7a0bef9-a436-4dd6-9518-ad1b2d0270fb\" href=\"https:\/\/zlobek.mikolow.eu\/zlobek\/wp-content\/uploads\/2023\/05\/Potwierdzenie-woli.docx\"><strong>Potwierdzenie-woli<\/strong><\/a><a href=\"https:\/\/zlobek.mikolow.eu\/wp-content\/uploads\/2023\/05\/Potwierdzenie-woli.docx\" class=\"wp-block-file__button wp-element-button\" download aria-describedby=\"wp-block-file--media-e7a0bef9-a436-4dd6-9518-ad1b2d0270fb\">Pobierz<\/a><\/div>\n\n\n\n<p>Od &nbsp;<span style=\"color: #ff0000;\"><strong>01.06.2026 r. <\/strong><\/span>do <span style=\"color: #ff0000;\"><strong>26.06.2026 r. <\/strong><\/span>nale\u017cy dostarczy\u0107:<\/p>\n\n\n\n<ol class=\"wp-block-list\">\n<li>&nbsp;Wniosek o przyj\u0119cie dziecka do \u017c\u0142obka, do pobrania w zak\u0142adce do druku.<\/li>\n\n\n\n<li>&nbsp;Za\u015bwiadczenia z pracy obojga rodzic\u00f3w.<\/li>\n\n\n\n<li>Pit 37&nbsp;&nbsp;(pierwsza str. wygenerowana&nbsp;z e-podatki + UPO).<\/li>\n\n\n\n<li>Rodzice prowadz\u0105cy w\u0142asn\u0105 dzia\u0142alno\u015b\u0107 s\u0105 zobowi\u0105zani przed\u0142o\u017cy\u0107 wydruk z rejestru CEIDG oraz o\u015bwiadczenie wypisane w\u0142asnor\u0119cznie, \u017ce osoba nie przebywa na w\/w urlopach.<\/li>\n<\/ol>\n\n\n\n<p>Przed&nbsp; przyj\u0119ciem dziecka do \u017c\u0142obka od <span style=\"color: #ff0000;\"><strong>17.08.2026 r. do 28.08.2026 r.<\/strong><\/span> nale\u017cy dostarczy\u0107:<\/p>\n\n\n\n<ol class=\"wp-block-list\">\n<li>Za\u015bwiadczenie wp\u0142aty (1 500,00 z\u0142 op\u0142ata sta\u0142a + &nbsp;14,00 z\u0142 dzienna stawka \u017cywieniowa) w miesi\u0105cu wrze\u015bniu kwota do zap\u0142aty <strong>XXX,XX z\u0142<\/strong>&nbsp;na konto bankowe&nbsp;<strong>MBS Miko\u0142\u00f3w<br>34 8436 0003 0000 0026 3212 0004&nbsp;w tytule Imi\u0119 i nazwisko dziecka oraz nr grupy do kt\u00f3rej b\u0119dzie ucz\u0119szcza\u0142o dziecko<\/strong><strong style=\"font-size: inherit;\">.<\/strong><\/li>\n\n\n\n<li>O\u015bwiadczenie, \u017ce dziecko w 3 ostatnich tygodniach nie chorowa\u0142o na chorob\u0119 zaka\u017an\u0105 i nie mia\u0142o kontakty z dzie\u0107mi chorymi na t\u0105 chorob\u0119 (o\u015bwiadcza rodzic).<\/li>\n\n\n\n<li>2 ka\u0142y &#8211; badanie wykona\u0107 w 3 ostatnich tygodniach (z zachowaniem 3-4 dniowego odst\u0119pu pomi\u0119dzy badaniami).<\/li>\n\n\n\n<li>O\u015bwiadczenie w\u0142asnor\u0119cznie wypisane przez rodzica, \u017ce dziecko jest zdrowe i mo\u017ce ucz\u0119szcza\u0107 do \u017c\u0142obka z dat\u0105 pierwszego dnia przyj\u015bcia do \u017c\u0142obka<\/li>\n\n\n\n<li>Ksi\u0105\u017ceczka zdrowia do wgl\u0105du w pierwszym dniu przyj\u015bcia dziecka do \u017b\u0142obka<\/li>\n\n\n\n<li>Umow\u0119 w dw\u00f3ch jednobrzmi\u0105cych egzemplarzach (wydrukowan\u0105 na obu stronach arkusza papieru).&nbsp;<\/li>\n\n\n\n<li>Wype\u0142nione formularze znajduj\u0105ce si\u0119 poni\u017cej.<\/li>\n<\/ol>\n\n\n\n<div class=\"wp-block-file\"><a id=\"wp-block-file--media-bad016fc-3da6-4c7c-a675-5a2d6fe34d4f\" href=\"https:\/\/zlobek.mikolow.eu\/wp-content\/uploads\/2024\/01\/wniosek-o-przyjecie-dziecka-do-zlobka-1-1.doc\">Wniosek o przyj\u0119cie dziecka do \u017b\u0142obka<\/a><a href=\"https:\/\/zlobek.mikolow.eu\/wp-content\/uploads\/2024\/01\/wniosek-o-przyjecie-dziecka-do-zlobka-1-1.doc\" class=\"wp-block-file__button wp-element-button\" download aria-describedby=\"wp-block-file--media-bad016fc-3da6-4c7c-a675-5a2d6fe34d4f\">Pobierz<\/a><\/div>\n\n\n\n<div class=\"wp-block-file\"><a id=\"wp-block-file--media-b06d84a5-279f-49d4-a365-f27214fb21ac\" href=\"https:\/\/zlobek.mikolow.eu\/wp-content\/uploads\/2025\/04\/zgoda-na-wizerunek.doc\">Formularz zgody na wykorzystanie wizerunku dziecka z informacj\u0105 RODO dla rodzic\u00f3w<\/a><a href=\"https:\/\/zlobek.mikolow.eu\/wp-content\/uploads\/2025\/04\/zgoda-na-wizerunek.doc\" class=\"wp-block-file__button wp-element-button\" download aria-describedby=\"wp-block-file--media-b06d84a5-279f-49d4-a365-f27214fb21ac\">Pobierz<\/a><\/div>\n\n\n\n<div class=\"wp-block-file\">\n<a href=\"https:\/\/zlobek.mikolow.eu\/wp-content\/uploads\/2020\/08\/6e8680244b50cf9a252c09a51375f54f.doc\">Odbi\u00f3r dziecka<\/a><a href=\"https:\/\/zlobek.mikolow.eu\/wp-content\/uploads\/2022\/01\/informacja-RODO-dla-rodzicow-sprawy-naboru-i-opieki-w-Zlobku-do-nowej-Karty-zgloszenia-dziecka-do-Zlobka.doc\"><br><\/a><a href=\"https:\/\/zlobek.mikolow.eu\/wp-content\/uploads\/2020\/08\/Klauzula1.docx\">Klauzula<\/a><a href=\"https:\/\/zlobek.mikolow.eu\/wp-content\/uploads\/2022\/01\/informacja-RODO-dla-rodzicow-sprawy-naboru-i-opieki-w-Zlobku-do-nowej-Karty-zgloszenia-dziecka-do-Zlobka.doc\"><br><\/a><a href=\"https:\/\/zlobek.mikolow.eu\/wp-content\/uploads\/2020\/08\/wniosek-o-wznowienie-opiekiA.docx\">Wniosek o wznowienie opieki<\/a><a href=\"https:\/\/zlobek.mikolow.eu\/wp-content\/uploads\/2022\/01\/informacja-RODO-dla-rodzicow-sprawy-naboru-i-opieki-w-Zlobku-do-nowej-Karty-zgloszenia-dziecka-do-Zlobka.doc\"><br><\/a><a href=\"https:\/\/zlobek.mikolow.eu\/wp-content\/uploads\/2020\/08\/36f0c0356e08e49e403e2698c5d07ed6.doc\">Formularz zgody i informacja RODO dla os\u00f3b upowa\u017cnionych do odbioru dziecka ze \u017b\u0142obka<\/a><a href=\"https:\/\/zlobek.mikolow.eu\/wp-content\/uploads\/2022\/01\/informacja-RODO-dla-rodzicow-sprawy-naboru-i-opieki-w-Zlobku-do-nowej-Karty-zgloszenia-dziecka-do-Zlobka.doc\"><br>Informacja RODO dla rodzic\u00f3w sprawy naboru i opieki w \u017b\u0142obku 2024 r.<\/a><a class=\"wp-block-file__button\" href=\"https:\/\/zlobek.mikolow.eu\/wp-content\/uploads\/2022\/01\/informacja-RODO-dla-rodzicow-sprawy-naboru-i-opieki-w-Zlobku-do-nowej-Karty-zgloszenia-dziecka-do-Zlobka.doc\" download=\"\">Pobierz<\/a><\/div>\n\n\n\n<div class=\"wp-block-file\"><a id=\"wp-block-file--media-9dec316f-5e67-4946-878b-6fa854db75c0\" href=\"https:\/\/zlobek.mikolow.eu\/wp-content\/uploads\/2024\/09\/oswiadczenie-standardy-rodzic.docx\">O\u015bwiadczenie standardy<\/a><a href=\"https:\/\/zlobek.mikolow.eu\/wp-content\/uploads\/2024\/09\/oswiadczenie-standardy-rodzic.docx\" class=\"wp-block-file__button wp-element-button\" download aria-describedby=\"wp-block-file--media-9dec316f-5e67-4946-878b-6fa854db75c0\">Pobierz<\/a><\/div>\n\n\n\n<div class=\"wp-block-file\"><a id=\"wp-block-file--media-60aac923-1b42-45e0-a3e0-47c902c6fd0d\" href=\"https:\/\/zlobek.mikolow.eu\/wp-content\/uploads\/2026\/04\/Zalacznik-nr-5-Prawa-i-obowiazki-rodzicow-oraz-instytucji-opieki.docx\">Prawa i obowi\u0105zki rodzic\u00f3w oraz instytucji opieki<\/a><a href=\"https:\/\/zlobek.mikolow.eu\/wp-content\/uploads\/2026\/04\/Zalacznik-nr-5-Prawa-i-obowiazki-rodzicow-oraz-instytucji-opieki.docx\" class=\"wp-block-file__button wp-element-button\" download aria-describedby=\"wp-block-file--media-60aac923-1b42-45e0-a3e0-47c902c6fd0d\">Pobierz<\/a><\/div>\n\n\n\n<div class=\"wp-block-file\"><a id=\"wp-block-file--media-9a5bb169-57da-4a1a-a900-f82e5143f458\" href=\"https:\/\/zlobek.mikolow.eu\/wp-content\/uploads\/2026\/04\/Zalacznik-nr-6-Informacje-o-dziecku-formularz-1-2.docx\">Informacje o dziecku<\/a><a href=\"https:\/\/zlobek.mikolow.eu\/wp-content\/uploads\/2026\/04\/Zalacznik-nr-6-Informacje-o-dziecku-formularz-1-2.docx\" class=\"wp-block-file__button wp-element-button\" download aria-describedby=\"wp-block-file--media-9a5bb169-57da-4a1a-a900-f82e5143f458\">Pobierz<\/a><\/div>\n\n\n\n<p><\/p>\n","protected":false},"excerpt":{"rendered":"<p>INFORMACJA \u017b\u0142obek Miejski im. Tadeusza Wi\u0119cka w Miko\u0142owie zwraca si\u0119 z pro\u015bb\u0105 o wydrukowanie umowy w dw\u00f3ch jednobrzmi\u0105cych egzemplarzach (wydrukowan\u0105 na obu stronach arkusza papieru). Co nale\u017cy dostarczy\u0107: Od &nbsp;11.05.2026 r. do 29.05.2026 r. nale\u017cy dostarczy\u0107 wniosek o potwierdzenie ch\u0119ci woli Od &nbsp;01.06.2026 r. do 26.06.2026 r. nale\u017cy dostarczy\u0107: Przed&nbsp; przyj\u0119ciem dziecka do \u017c\u0142obka od 17.08.2026 r. do 28.08.2026 r. nale\u017cy dostarczy\u0107: Odbi\u00f3r dzieckaKlauzulaWniosek o wznowienie opiekiFormularz zgody i informacja RODO dla os\u00f3b upowa\u017cnionych do odbioru dziecka ze \u017b\u0142obkaInformacja RODO dla rodzic\u00f3w sprawy naboru i opieki w \u017b\u0142obku 2024 r.Pobierz<\/p>\n","protected":false},"author":1,"featured_media":0,"parent":0,"menu_order":0,"comment_status":"closed","ping_status":"closed","template":"","meta":{"footnotes":""},"class_list":["post-4106","page","type-page","status-publish","hentry"],"_links":{"self":[{"href":"https:\/\/zlobek.mikolow.eu\/index.php?rest_route=\/wp\/v2\/pages\/4106","targetHints":{"allow":["GET"]}}],"collection":[{"href":"https:\/\/zlobek.mikolow.eu\/index.php?rest_route=\/wp\/v2\/pages"}],"about":[{"href":"https:\/\/zlobek.mikolow.eu\/index.php?rest_route=\/wp\/v2\/types\/page"}],"author":[{"embeddable":true,"href":"https:\/\/zlobek.mikolow.eu\/index.php?rest_route=\/wp\/v2\/users\/1"}],"replies":[{"embeddable":true,"href":"https:\/\/zlobek.mikolow.eu\/index.php?rest_route=%2Fwp%2Fv2%2Fcomments&post=4106"}],"version-history":[{"count":86,"href":"https:\/\/zlobek.mikolow.eu\/index.php?rest_route=\/wp\/v2\/pages\/4106\/revisions"}],"predecessor-version":[{"id":5351,"href":"https:\/\/zlobek.mikolow.eu\/index.php?rest_route=\/wp\/v2\/pages\/4106\/revisions\/5351"}],"wp:attachment":[{"href":"https:\/\/zlobek.mikolow.eu\/index.php?rest_route=%2Fwp%2Fv2%2Fmedia&parent=4106"}],"curies":[{"name":"wp","href":"https:\/\/api.w.org\/{rel}","templated":true}]}}