{"id":4873,"date":"2021-08-25T08:02:29","date_gmt":"2021-08-25T08:02:29","guid":{"rendered":"http:\/\/zlobek.mikolow.eu\/?page_id=4873"},"modified":"2021-10-28T10:59:46","modified_gmt":"2021-10-28T10:59:46","slug":"dotacje","status":"publish","type":"page","link":"https:\/\/zlobek.mikolow.eu\/?page_id=4873","title":{"rendered":"Dotacje"},"content":{"rendered":"\n<figure class=\"wp-block-image\"><img loading=\"lazy\" decoding=\"async\" width=\"1751\" height=\"583\" src=\"https:\/\/zlobek.mikolow.eu\/wp-content\/uploads\/2021\/08\/znaki_strona_www-1.png\" alt=\"\" class=\"wp-image-4874\" srcset=\"https:\/\/zlobek.mikolow.eu\/wp-content\/uploads\/2021\/08\/znaki_strona_www-1.png 1751w, https:\/\/zlobek.mikolow.eu\/wp-content\/uploads\/2021\/08\/znaki_strona_www-1-300x100.png 300w, https:\/\/zlobek.mikolow.eu\/wp-content\/uploads\/2021\/08\/znaki_strona_www-1-1024x341.png 1024w, https:\/\/zlobek.mikolow.eu\/wp-content\/uploads\/2021\/08\/znaki_strona_www-1-768x256.png 768w, https:\/\/zlobek.mikolow.eu\/wp-content\/uploads\/2021\/08\/znaki_strona_www-1-1536x511.png 1536w\" sizes=\"auto, (max-width: 1751px) 100vw, 1751px\" \/><\/figure>\n\n\n\n<p class=\"has-text-align-center\"><strong>DOFINANSOWANO ZE \u015aRODK\u00d3W BUD\u017bETU PA\u0143STWA<\/strong><\/p>\n\n\n\n<p class=\"has-text-align-center\"><strong><strong>PROGRAM MALUCH+ 2021<\/strong><\/strong><\/p>\n\n\n\n<p class=\"has-text-align-center\"><strong>DOFINANSOWANIE MIEJSC OPIEKI NAD DZIE\u0106MI W WIEKU DO LAT 3<\/strong><\/p>\n\n\n\n<p class=\"has-text-align-center\"><strong>W \u017b\u0141OBKU MIEJSKIM IM. TADEUSZA WI\u0118CKA W MIKO\u0141OWIE<\/strong><\/p>\n\n\n\n<p class=\"has-text-align-center\"><strong>DOFINANSOWANIE W KWOCIE 32\u00a0400,00 Z\u0141<\/strong><\/p>\n\n\n\n<figure class=\"wp-block-image\"><img loading=\"lazy\" decoding=\"async\" width=\"1751\" height=\"583\" src=\"https:\/\/zlobek.mikolow.eu\/wp-content\/uploads\/2021\/08\/znaki_strona_www-1.png\" alt=\"\" class=\"wp-image-4874\" srcset=\"https:\/\/zlobek.mikolow.eu\/wp-content\/uploads\/2021\/08\/znaki_strona_www-1.png 1751w, https:\/\/zlobek.mikolow.eu\/wp-content\/uploads\/2021\/08\/znaki_strona_www-1-300x100.png 300w, https:\/\/zlobek.mikolow.eu\/wp-content\/uploads\/2021\/08\/znaki_strona_www-1-1024x341.png 1024w, https:\/\/zlobek.mikolow.eu\/wp-content\/uploads\/2021\/08\/znaki_strona_www-1-768x256.png 768w, https:\/\/zlobek.mikolow.eu\/wp-content\/uploads\/2021\/08\/znaki_strona_www-1-1536x511.png 1536w\" sizes=\"auto, (max-width: 1751px) 100vw, 1751px\" \/><\/figure>\n\n\n\n<p class=\"has-text-align-center\"><strong>DOFINANSOWANO ZE \u015aRODK\u00d3W BUD\u017bETU PA\u0143STWA<\/strong><\/p>\n\n\n\n<p class=\"has-text-align-center\"><strong>PROGRAM MALUCH+ 2021<\/strong><\/p>\n\n\n\n<p class=\"has-text-align-center\"><strong>DOFINANSOWANIE MIEJSC OPIEKI NAD DZIE\u0106MI W WIEKU DO LAT 3<\/strong><\/p>\n\n\n\n<p class=\"has-text-align-center\"><strong>W \u017b\u0141OBKU MIEJSKIM IM. TADEUSZA WI\u0118CKA W MIKO\u0141OWIE<\/strong><\/p>\n\n\n\n<p class=\"has-text-align-center\"><strong>DOFINANSOWANIE W KWOCIE 28&nbsp;800,00 Z\u0141<\/strong><\/p>\n","protected":false},"excerpt":{"rendered":"<p>DOFINANSOWANO ZE \u015aRODK\u00d3W BUD\u017bETU PA\u0143STWA PROGRAM MALUCH+ 2021 DOFINANSOWANIE MIEJSC OPIEKI NAD DZIE\u0106MI W WIEKU DO LAT 3 W \u017b\u0141OBKU MIEJSKIM IM. TADEUSZA WI\u0118CKA W MIKO\u0141OWIE DOFINANSOWANIE W KWOCIE 32\u00a0400,00 Z\u0141 DOFINANSOWANO ZE \u015aRODK\u00d3W BUD\u017bETU PA\u0143STWA PROGRAM MALUCH+ 2021 DOFINANSOWANIE MIEJSC OPIEKI NAD DZIE\u0106MI W WIEKU DO LAT 3 W \u017b\u0141OBKU MIEJSKIM IM. TADEUSZA WI\u0118CKA W MIKO\u0141OWIE DOFINANSOWANIE W KWOCIE 28&nbsp;800,00 Z\u0141<\/p>\n","protected":false},"author":5,"featured_media":0,"parent":0,"menu_order":0,"comment_status":"closed","ping_status":"closed","template":"","meta":{"footnotes":""},"class_list":["post-4873","page","type-page","status-publish","hentry"],"_links":{"self":[{"href":"https:\/\/zlobek.mikolow.eu\/index.php?rest_route=\/wp\/v2\/pages\/4873","targetHints":{"allow":["GET"]}}],"collection":[{"href":"https:\/\/zlobek.mikolow.eu\/index.php?rest_route=\/wp\/v2\/pages"}],"about":[{"href":"https:\/\/zlobek.mikolow.eu\/index.php?rest_route=\/wp\/v2\/types\/page"}],"author":[{"embeddable":true,"href":"https:\/\/zlobek.mikolow.eu\/index.php?rest_route=\/wp\/v2\/users\/5"}],"replies":[{"embeddable":true,"href":"https:\/\/zlobek.mikolow.eu\/index.php?rest_route=%2Fwp%2Fv2%2Fcomments&post=4873"}],"version-history":[{"count":5,"href":"https:\/\/zlobek.mikolow.eu\/index.php?rest_route=\/wp\/v2\/pages\/4873\/revisions"}],"predecessor-version":[{"id":4894,"href":"https:\/\/zlobek.mikolow.eu\/index.php?rest_route=\/wp\/v2\/pages\/4873\/revisions\/4894"}],"wp:attachment":[{"href":"https:\/\/zlobek.mikolow.eu\/index.php?rest_route=%2Fwp%2Fv2%2Fmedia&parent=4873"}],"curies":[{"name":"wp","href":"https:\/\/api.w.org\/{rel}","templated":true}]}}