{"id":81,"date":"2015-01-31T19:57:26","date_gmt":"2015-01-31T19:57:26","guid":{"rendered":"http:\/zlobek.mikolow.eu\/?page_id=81"},"modified":"2025-10-07T06:18:45","modified_gmt":"2025-10-07T06:18:45","slug":"regulamin","status":"publish","type":"page","link":"https:\/\/zlobek.mikolow.eu\/?page_id=81","title":{"rendered":"Rekrutacja \/ P\u0142atno\u015b\u0107"},"content":{"rendered":"<p>STATUT<br \/>UCHWA\u0141A NR XXXIX\/746\/2018<br \/>RADY MIEJSKIEJ MIKO\u0141OWA<br \/>z dnia 20 lutego 2018 r.<br \/>w sprawie uchwalenia statutu \u017b\u0142obka Miejskiego<br \/>w Miko\u0142owie im. Tadeusza Wi\u0119cka<br \/><strong>&#8222;tekst ujednolicony wg stanu na dzie\u0144 1.10.2025 r.&#8221;<\/strong><\/p>\n<p><br \/>Na podstawie art. 18 ust. 2 pkt 15, art. 40 ust.1, art. 41 ust. 1 i art. 42 ustawy z dnia 8 marca 1990 r.<br \/>o samorz\u0105dzie gminnym (t.j. Dz. U. z 2017 r., poz. 1875 z p\u00f3\u017an. zm.) w zwi\u0105zku z art. 11 ust. 2 ustawy z dnia<br \/>27 sierpnia 2009 r. o finansach publicznych (t.j. Dz. U. z 2017 r., poz. 2077 z p\u00f3\u017an. zm.) oraz art.11 ustawy<br \/>z dnia 4 lutego 2011 r. o opiece nad dzie\u0107mi w wieku do lat 3 (t.j. Dz. U. z 2016 r., poz. 157 z p\u00f3\u017an. zm.) na<br \/>wniosek Burmistrza Miko\u0142owa<br \/>Rada Miejska Miko\u0142owa<br \/>uchwala:<br \/>\u00a7 1. Ustali\u0107 statut \u017b\u0142obka Miejskiego w Miko\u0142owie im. Tadeusza Wi\u0119cka z siedzib\u0105 przy ul. Krakowskiej<br \/>30 w Miko\u0142owie w brzmieniu stanowi\u0105cym za\u0142\u0105cznik do niniejszej Uchwa\u0142y.<br \/>\u00a7 2. Wykonanie Uchwa\u0142y powierza si\u0119 Burmistrzowi Miko\u0142owa.<br \/>\u00a7 3. Traci moc Uchwa\u0142a Nr IX\/147\/2011 Rady Miejskiej Miko\u0142owa z dnia 28 czerwca 2011r. w sprawie<br \/>uchwalenia statutu \u017b\u0142obka Miejskiego w Miko\u0142owie.<br \/>\u00a7 4. Uchwa\u0142a wchodzi w \u017cycie po up\u0142ywie 14 dni od daty og\u0142oszenia w Dzienniku Urz\u0119dowym<br \/>Wojew\u00f3dztwa \u015al\u0105skiego .<br \/>Przewodnicz\u0105cy Rady<br \/>Miejskiej Miko\u0142owa<br \/>mgr Micha\u0142 Rupik<br \/>Id: 7C82C1E7-878A-4952-A485-0573DE56A9EA. Podpisany<br \/>\u00a0<br \/>Za\u0142\u0105cznik do Uchwa\u0142y Nr XXXIX\/746\/2018<br \/>Rady Miejskiej Miko\u0142owa<br \/>z dnia 20 lutego 2018 r.<br \/>STATUT \u017b\u0141OBKA MIEJSKIEGO W MIKO\u0141OWIE IM. TADEUSZA WI\u0118CKA<br \/>I. Postanowienia og\u00f3lne<br \/>\u00a7 1.1. \u017b\u0142obek Miejski w Miko\u0142owie zwany dalej &#8222;\u017b\u0142obkiem&#8221; jest jednostk\u0105 bud\u017cetow\u0105 i dzia\u0142a jako<br \/>jednostka organizacyjna miasta Miko\u0142owa.<br \/>2. Nazwa \u017b\u0142obka brzmi &#8222;\u017b\u0142obek Miejski w Miko\u0142owie im. Tadeusza Wi\u0119cka&#8221;.<br \/>3. Siedziba \u017b\u0142obka mie\u015bci si\u0119 w Miko\u0142owie przy ul. Krakowskiej 30.<br \/>\u00a7 2. \u017b\u0142obek prowadzi sw\u0105 dzia\u0142alno\u015b\u0107 na podstawie:<br \/>1) ustawy z dnia 4 lutego 2011 roku o opiece nad dzie\u0107mi w wieku do lat 3;<br \/>2) ustawy z dnia 8 marca 1990 roku o samorz\u0105dzie gminnym;<br \/>3) ustawy z dnia 27 sierpnia 2009 roku o finansach publicznych;<br \/>4) niniejszego Statutu.<br \/>\u00a7 3. Ilekro\u0107 w niniejszym Statucie mowa jest o:<br \/>1) ustawie &#8211; nale\u017cy przez to rozumie\u0107 ustaw\u0119 z dnia 4 lutego 2011r. o opiece nad dzie\u0107mi w wieku do lat 3;<br \/>2) rodzicach &#8211; nale\u017cy przez to rozumie\u0107 osoby, o kt\u00f3rych mowa w art. 3 ustawy.<br \/>\u00a7 4. \u017b\u0142obek u\u017cywa piecz\u0119ci zgodnej z nazw\u0105 \u017b\u0142obka w pe\u0142nym brzmieniu.<br \/>\u00a7 5. Organem sprawuj\u0105cym bezpo\u015bredni nadz\u00f3r na dzia\u0142alno\u015bci\u0105 \u017b\u0142obka jest Burmistrz Miko\u0142owa.<br \/>II. Cele i zadania<br \/>\u00a7 6. 1. Celem \u017b\u0142obka jest zapewnienie opieki dzieciom, o kt\u00f3rych mowa w art. 2 i art. 7 ust. 1 ustawy.<br \/>2. Do zada\u0144 \u017b\u0142obka nale\u017cy:<br \/>1) zapewnienie dziecku opieki w warunkach bytowych zbli\u017conych do warunk\u00f3w domowych;<br \/>2) zagwarantowanie dziecku w\u0142a\u015bciwej opieki piel\u0119gnacyjnej oraz edukacyjnej, poprzez prowadzenie zaj\u0119\u0107<br \/>zabawowych z elementami edukacji z uwzgl\u0119dnieniem indywidualnych potrzeb dziecka;<br \/>3) prowadzenie zaj\u0119\u0107 opieku\u0144czo-wychowawczych i edukacyjnych, uwzgl\u0119dniaj\u0105cych rozw\u00f3j psychomotoryczny<br \/>dziecka, w\u0142a\u015bciwych do wieku dziecka.<br \/>3. \u017b\u0142obek realizuje cele i zadania poprzez:<br \/>1) sprawowanie opieki w atmosferze akceptacji , bezpiecze\u0144stwa , poszanowania godno\u015bci;<br \/>2) umo\u017cliwienie ma\u0142emu dziecku harmonijnego rozwoju dostosowanego do jego potrzeb i mo\u017cliwo\u015bci;<br \/>3) wspomaganie indywidualnego rozwoju ka\u017cdego dziecka, a w przypadku dziecka niepe\u0142nosprawnego,<br \/>szczeg\u00f3lnie uwzgl\u0119dniaj\u0105c rodzaj jego niepe\u0142nosprawno\u015bci;<br \/>4) prowadzenie profilaktyki zdrowotnej poprzez stosowanie zasad zdrowego od\u017cywiania, propagowanie<br \/>o\u015bwiaty zdrowotnej oraz kszta\u0142towanie nawyk\u00f3w zachowa\u0144 prozdrowotnych;<br \/>5) wspomaganie dzia\u0142a\u0144 wychowawczych rodzic\u00f3w poprzez informowanie ich o zachowaniu dzieci<br \/>i osi\u0105gni\u0119ciach.<br \/>III. Zasady udzia\u0142u rodzic\u00f3w w zaj\u0119ciach prowadzonych w \u017b\u0142obku<br \/>\u00a7 7. 1 \u017b\u0142obek wsp\u00f3\u0142pracuje z rodzicami w sprawach opieki, wychowania i edukacji dzieci ucz\u0119szczaj\u0105cych<br \/>do \u017b\u0142obka m.in. poprzez mo\u017cliwo\u015b\u0107 uczestnictwa rodzic\u00f3w w zaj\u0119ciach z dzie\u0107mi prowadzonych w \u017b\u0142obku.<br \/>2. Udzia\u0142 rodzic\u00f3w w zaj\u0119ciach prowadzonych w \u017b\u0142obku odbywa si\u0119 po wcze\u015bniejszym uzgodnieniu terminu<br \/>i czasu z Dyrektorem i opiekunem grupy.<br \/>IV . Warunki przyjmowania dzieci oraz zasady ustalania op\u0142at<br \/>\u00a7 8. 1. Ze \u015bwiadcze\u0144 \u017b\u0142obka mog\u0105 korzysta\u0107 dzieci:<br \/>1) obojga rodzic\u00f3w lub rodzica samotnie wychowuj\u0105cego dziecko, kt\u00f3rzy rozliczaj\u0105 si\u0119 z Urz\u0119dem<br \/>Skarbowym w Miko\u0142owie wskazuj\u0105c miejsce zamieszkania w Miko\u0142owie;<br \/>2) obojga rodzic\u00f3w lub rodzica samotnie wychowuj\u0105cego dziecko pracuj\u0105cych lub ucz\u0105cych si\u0119 w systemie<br \/>dziennym;<br \/>\u201e3) (uchylony)\u201d<br \/>4) rodzic\u00f3w z innych gmin na podstawie porozumie\u0144 z tymi gminami.<br \/>2. W przypadku, gdy liczba dzieci zg\u0142oszonych do \u017b\u0142obka przekracza liczb\u0119 miejsc, stosuje si\u0119 zasad\u0119<br \/>preferencji przyjmuj\u0105c w pierwszej kolejno\u015bci:<br \/>1) dzieci z orzeczon\u0105 niepe\u0142nosprawno\u015bci\u0105;<br \/>2) dzieci matek lub ojc\u00f3w wobec kt\u00f3rych orzeczono znaczny lub umiarkowanym stopie\u0144<br \/>niepe\u0142nosprawno\u015bci;<br \/>3) dzieci skierowane przez Miejski O\u015brodek Pomocy Spo\u0142ecznej lub S\u0105d Rodzinny;<br \/>4) dzieci z rodzin wielodzietnych (3 i wi\u0119cej dzieci).<br \/>3. Kryteria, o kt\u00f3rych mowa w ust. 2 s\u0105 r\u00f3wnowa\u017cne.<br \/>4. W przypadku, gdy po zastosowaniu kryteri\u00f3w, o kt\u00f3rych mowa w ust. 2 liczba zg\u0142osze\u0144 nadal przekracza<br \/>liczb\u0119 miejsc w \u017b\u0142obku, decyduje kolejno\u015b\u0107 zg\u0142osze\u0144.<br \/>5. Dzieci, kt\u00f3re nie zosta\u0142y przyj\u0119te do \u017b\u0142obka z powodu braku miejsc, umieszczane s\u0105 na li\u015bcie<br \/>oczekuj\u0105cych.<br \/>6. W przypadku nieobecno\u015bci dziecka, Dyrektor mo\u017ce przyj\u0105\u0107 na miejsce tego dziecka na czas jego dalszej<br \/>nieobecno\u015bci inne dziecko, z zastrze\u017ceniem, i\u017c w pierwszej kolejno\u015bci brane s\u0105 pod uwag\u0119 dzieci umieszczone<br \/>na li\u015bcie oczekuj\u0105cych.<br \/>\u00a7 9. W przypadku nieobecno\u015bci dziecka w \u017b\u0142obku rodzice ponosz\u0105 op\u0142at\u0119 za pobyt w pe\u0142nej wysoko\u015bci,<br \/>natomiast op\u0142ata za wy\u017cywienie ponoszona jest proporcjonalnie do ilo\u015bci dni, w kt\u00f3rych dziecko korzysta ze<br \/>\u017b\u0142obka. Rozliczenie op\u0142aty za wy\u017cywienie nast\u0119puje w nast\u0119pnym miesi\u0105cu rozliczeniowym.<br \/>V. Zasady dzia\u0142ania i organizacji<br \/>\u00a7 10. 1. Prac\u0105 \u017b\u0142obka kieruje Dyrektor, kt\u00f3ry:<br \/>1) ustala jego organizacj\u0119 wewn\u0119trzn\u0105 i reprezentuje go na zewn\u0105trz;<br \/>2) sprawuje nadz\u00f3r nad maj\u0105tkiem \u017b\u0142obka;<br \/>3)tworzy warunki do realizacji przez \u017b\u0142obek zada\u0144 statutowych poprzez w\u0142a\u015bciwe gospodarowanie \u015brodkami<br \/>okre\u015blonymi w planie finansowym i ponosi odpowiedzialno\u015b\u0107 za ich prawid\u0142owe wykorzystanie;<br \/>4) organizuje w spos\u00f3b w\u0142a\u015bciwy prac\u0119 personelu.<br \/>2. Dyrektora zatrudnia i zwalnia Burmistrz Miko\u0142owa.<br \/>3. Dyrektor dzia\u0142a jednoosobowo na podstawie pe\u0142nomocnictwa udzielonego przez Burmistrza Miko\u0142owa.<br \/>4. Dyrektor jest kierownikiem zak\u0142adu pracy w rozumieniu Kodeksu Pracy.<br \/>5. W \u017b\u0142obku zatrudnia si\u0119 wykwalifikowany personel. Kwalifikacje niezb\u0119dne do zajmowania stanowisk,<br \/>zasady zatrudniania i wynagradzania pracownik\u00f3w \u017b\u0142obka okre\u015blaj\u0105 odr\u0119bne przepisy.<br \/>6. W zakresie okre\u015blonym odr\u0119bnymi uchwa\u0142ami obs\u0142ug\u0119 \u017b\u0142obka prowadzi Centrum Us\u0142ug Wsp\u00f3lnych<br \/>w Miko\u0142owie.<br \/>VI. Zasady gospodarki finansowej<br \/>\u00a7 11. 1. \u017b\u0142obek prowadzi gospodark\u0119 finansow\u0105 i rozlicza si\u0119 z bud\u017cetem miasta na zasadach ustalonych dla<br \/>jednostek bud\u017cetowych.<br \/>2. Podstaw\u0105 dzia\u0142alno\u015bci finansowej \u017b\u0142obka jest plan finansowy dochod\u00f3w i wydatk\u00f3w.<br \/>3. \u017b\u0142obek uzyskuje \u015brodki finansowe z dotacji z bud\u017cetu miasta.<br \/>VII. Postanowienia ko\u0144cowe<br \/>\u00a7 12. Wszelkie zmiany w statucie mog\u0105 by\u0107 dokonane w trybie przewidzianym dla jego nadania.<br \/>\u00a0<br \/>\u00a0<br \/>ZASADY ODP\u0141ATNO\u015aCI ZA POBYT DZIECI W \u017b\u0141OBKU MIEJSKIM W MIKO\u0141OWIE<br \/>UCHWA\u0141A NR VIII\/86\/2024<br \/>RADY MIEJSKIEJ MIKO\u0141OWA<br \/>z dnia 19 listopada 2024 r.<br \/>w sprawie maksymalnej wysoko\u015bci op\u0142aty za wy\u017cywienie oraz op\u0142aty za pobyt dziecka\u00a0<br \/>w \u017c\u0142obkach lub klubach dzieci\u0119cych utworzonych przez Gmin\u0119 Miko\u0142\u00f3w<br \/>Na podstawie art. 18 ust. 2 pkt 15 ustawy z dnia 8 marca 1990 r. o samorz\u0105dzie gminnym\u00a0<br \/>(t.j. Dz. U. z 2024 r. poz. 609, z poznania. zm.), art. 58 ust.1 ustawy z dnia 4 lutego 2011 r. o opiece nad dzie\u0107mi w wieku do lat 3 (t.j.\u00a0 Dz. U. z 2024 r. poz. 338, z p\u00f3\u017an. zm.)<br \/>Rada Miejska Miko\u0142owa<br \/>u c h w a l a:<br \/>\u00a0<br \/>1.1. Ustala si\u0119 miesi\u0119czn\u0105 op\u0142at\u0119 za pobyt dziecka w \u017c\u0142obkach lub klubach dzieci\u0119cych utworzonych przez Gmin\u0119 Miko\u0142\u00f3w w wysoko\u015bci 1 500,00 z\u0142.<br \/>2.Op\u0142ata za wyd\u0142u\u017cony czas opieki nad dzieckiem powy\u017cej 10 godzin dziennie,\u00a0<br \/>wynosi 21,00 z\u0142 za ka\u017cd\u0105 rozpocz\u0119t\u0105 godzin\u0119.<br \/>3.Ustala si\u0119 maksymaln\u0105 dzienn\u0105 op\u0142at\u0119 za wy\u017cywienie w wysoko\u015bci 14,00 z\u0142.<br \/>2.\u00a0Traci moc Uchwa\u0142a Nr IV\/55\/2024 \u00a0Rady Miejskiej Miko\u0142owa z dnia 27 sierpnia 2024 r. w sprawie maksymalnej wysoko\u015bci op\u0142aty za wy\u017cywienie oraz op\u0142aty za pobyt dziecka w \u017c\u0142obkach lub klubach dzieci\u0119cych utworzonych przez Gmin\u0119 Miko\u0142\u00f3w.<br \/>3.Wykonanie uchwa\u0142y powierza si\u0119 Burmistrzowi Miko\u0142owa.<br \/>4.1. Uchwa\u0142a podlega og\u0142oszeniu w Dzienniku Urz\u0119dowym Wojew\u00f3dztwa \u015al\u0105skiego.<br \/>Uchwa\u0142a wchodzi w \u017cycie z dniem 1 stycznia 2025 r.<br \/>Przewodnicz\u0105ca Rady Miejskiej Miko\u0142owa<br \/>\u00a0Katarzyna Syryjczyk-S\u0142omska<br \/>\u00a0<br \/>NR KONTA BANKOWEGO:<br \/>MBS Miko\u0142\u00f3w<br \/>34 8436 0003 0000 0026 3212 0004<br \/>\u00a0<br \/>\u00a0<br \/>\u00a0<\/p>\n\n\n<div class=\"wp-block-file\"><a id=\"wp-block-file--media-3bb13e25-faed-4c76-9eec-9bb1e7e1e4e2\" href=\"https:\/\/zlobek.mikolow.eu\/wp-content\/uploads\/2025\/10\/Regulamin-organizacyjny-aktualizacja-X-2025-aktualne-1.pdf\">Regulamin organizacyjny aktualizacja X 2025<\/a><a href=\"https:\/\/zlobek.mikolow.eu\/wp-content\/uploads\/2025\/10\/Regulamin-organizacyjny-aktualizacja-X-2025-aktualne-1.pdf\" class=\"wp-block-file__button wp-element-button\" download aria-describedby=\"wp-block-file--media-3bb13e25-faed-4c76-9eec-9bb1e7e1e4e2\">Pobierz<\/a><\/div>\n\n\n\n<div class=\"wp-block-file\"><a id=\"wp-block-file--media-09b0ebd1-3035-47f4-871f-84f572f7aa3d\" href=\"https:\/\/zlobek.mikolow.eu\/wp-content\/uploads\/2025\/10\/statut-2025-1.pdf\">Uchwa\u0142a nr XVI \/186\/2025<\/a><a href=\"https:\/\/zlobek.mikolow.eu\/wp-content\/uploads\/2025\/10\/statut-2025-1.pdf\" class=\"wp-block-file__button wp-element-button\" download aria-describedby=\"wp-block-file--media-09b0ebd1-3035-47f4-871f-84f572f7aa3d\">Pobierz<\/a><\/div>\n","protected":false},"excerpt":{"rendered":"<p>STATUTUCHWA\u0141A NR XXXIX\/746\/2018RADY MIEJSKIEJ MIKO\u0141OWAz dnia 20 lutego 2018 r.w sprawie uchwalenia statutu \u017b\u0142obka Miejskiegow Miko\u0142owie im. Tadeusza Wi\u0119cka&#8222;tekst ujednolicony wg stanu na dzie\u0144 1.10.2025 r.&#8221; Na podstawie art. 18 ust. 2 pkt 15, art. 40 ust.1, art. 41 ust. 1 i art. 42 ustawy z dnia 8 marca 1990 r.o samorz\u0105dzie gminnym (t.j. Dz. U. z 2017 r., poz. 1875 z p\u00f3\u017an. zm.) w zwi\u0105zku z art. 11 ust. 2 ustawy z dnia27 sierpnia 2009 r. o finansach publicznych (t.j. Dz. U. z 2017 r., poz. 2077 z p\u00f3\u017an. zm.) oraz art.11 ustawyz dnia 4 lutego 2011 r. o opiece nad dzie\u0107mi w wieku do lat 3 (t.j. Dz. <a href=\"https:\/\/zlobek.mikolow.eu\/?page_id=81\">Continue reading &#8594;<\/a><\/p>\n","protected":false},"author":1,"featured_media":0,"parent":0,"menu_order":0,"comment_status":"open","ping_status":"closed","template":"","meta":{"footnotes":""},"class_list":["post-81","page","type-page","status-publish","hentry"],"_links":{"self":[{"href":"https:\/\/zlobek.mikolow.eu\/index.php?rest_route=\/wp\/v2\/pages\/81","targetHints":{"allow":["GET"]}}],"collection":[{"href":"https:\/\/zlobek.mikolow.eu\/index.php?rest_route=\/wp\/v2\/pages"}],"about":[{"href":"https:\/\/zlobek.mikolow.eu\/index.php?rest_route=\/wp\/v2\/types\/page"}],"author":[{"embeddable":true,"href":"https:\/\/zlobek.mikolow.eu\/index.php?rest_route=\/wp\/v2\/users\/1"}],"replies":[{"embeddable":true,"href":"https:\/\/zlobek.mikolow.eu\/index.php?rest_route=%2Fwp%2Fv2%2Fcomments&post=81"}],"version-history":[{"count":95,"href":"https:\/\/zlobek.mikolow.eu\/index.php?rest_route=\/wp\/v2\/pages\/81\/revisions"}],"predecessor-version":[{"id":5304,"href":"https:\/\/zlobek.mikolow.eu\/index.php?rest_route=\/wp\/v2\/pages\/81\/revisions\/5304"}],"wp:attachment":[{"href":"https:\/\/zlobek.mikolow.eu\/index.php?rest_route=%2Fwp%2Fv2%2Fmedia&parent=81"}],"curies":[{"name":"wp","href":"https:\/\/api.w.org\/{rel}","templated":true}]}}