{"id":966,"date":"2015-06-17T11:55:06","date_gmt":"2015-06-17T11:55:06","guid":{"rendered":"http:\/\/zlobek.mikolow.eu\/?page_id=966"},"modified":"2015-07-01T07:20:20","modified_gmt":"2015-07-01T07:20:20","slug":"dostawa-zywnosci","status":"publish","type":"page","link":"https:\/\/zlobek.mikolow.eu\/?page_id=966","title":{"rendered":"Cz\u0119\u015b\u0107 1 ? produkty mleczarskie"},"content":{"rendered":"<p><a href=\"https:\/\/zlobek.mikolow.eu\/wp-content\/uploads\/2015\/06\/Zal-A-mleko_PN-1.pdf\">Zal A mleko_PN-1<\/a><\/p>\n<p><a href=\"https:\/\/zlobek.mikolow.eu\/wp-content\/uploads\/2015\/06\/zal-1-formularz-oferty_PN-1-cz-1.pdf\">zal 1 formularz oferty_PN-1- cz 1<\/a><\/p>\n","protected":false},"excerpt":{"rendered":"<p>Zal A mleko_PN-1 zal 1 formularz oferty_PN-1- cz 1<\/p>\n","protected":false},"author":1,"featured_media":0,"parent":1088,"menu_order":0,"comment_status":"closed","ping_status":"closed","template":"","meta":{"footnotes":""},"class_list":["post-966","page","type-page","status-publish","hentry"],"_links":{"self":[{"href":"https:\/\/zlobek.mikolow.eu\/index.php?rest_route=\/wp\/v2\/pages\/966","targetHints":{"allow":["GET"]}}],"collection":[{"href":"https:\/\/zlobek.mikolow.eu\/index.php?rest_route=\/wp\/v2\/pages"}],"about":[{"href":"https:\/\/zlobek.mikolow.eu\/index.php?rest_route=\/wp\/v2\/types\/page"}],"author":[{"embeddable":true,"href":"https:\/\/zlobek.mikolow.eu\/index.php?rest_route=\/wp\/v2\/users\/1"}],"replies":[{"embeddable":true,"href":"https:\/\/zlobek.mikolow.eu\/index.php?rest_route=%2Fwp%2Fv2%2Fcomments&post=966"}],"version-history":[{"count":5,"href":"https:\/\/zlobek.mikolow.eu\/index.php?rest_route=\/wp\/v2\/pages\/966\/revisions"}],"predecessor-version":[{"id":1007,"href":"https:\/\/zlobek.mikolow.eu\/index.php?rest_route=\/wp\/v2\/pages\/966\/revisions\/1007"}],"up":[{"embeddable":true,"href":"https:\/\/zlobek.mikolow.eu\/index.php?rest_route=\/wp\/v2\/pages\/1088"}],"wp:attachment":[{"href":"https:\/\/zlobek.mikolow.eu\/index.php?rest_route=%2Fwp%2Fv2%2Fmedia&parent=966"}],"curies":[{"name":"wp","href":"https:\/\/api.w.org\/{rel}","templated":true}]}}