{"id":982,"date":"2015-06-19T06:20:36","date_gmt":"2015-06-19T06:20:36","guid":{"rendered":"http:\/\/zlobek.mikolow.eu\/?page_id=982"},"modified":"2015-07-01T07:21:30","modified_gmt":"2015-07-01T07:21:30","slug":"czesc-3-produkty-sypkie-przyprawy-dzemy-woda-mineralna","status":"publish","type":"page","link":"https:\/\/zlobek.mikolow.eu\/?page_id=982","title":{"rendered":"Cz\u0119\u015b\u0107 3 ? produkty sypkie , przyprawy , d\u017cemy , woda mineralna"},"content":{"rendered":"<p><a href=\"https:\/\/zlobek.mikolow.eu\/wp-content\/uploads\/2015\/06\/Zal-C-sypkie_PN-1.pdf\">Zal C sypkie_PN-1<\/a><\/p>\n<p><a href=\"https:\/\/zlobek.mikolow.eu\/wp-content\/uploads\/2015\/06\/zal-3-formularz-oferty_PN-1-cz-3.pdf\">zal 3 formularz oferty_PN-1- cz 3<\/a><\/p>\n","protected":false},"excerpt":{"rendered":"<p>Zal C sypkie_PN-1 zal 3 formularz oferty_PN-1- cz 3<\/p>\n","protected":false},"author":1,"featured_media":0,"parent":1088,"menu_order":0,"comment_status":"closed","ping_status":"closed","template":"","meta":{"footnotes":""},"class_list":["post-982","page","type-page","status-publish","hentry"],"_links":{"self":[{"href":"https:\/\/zlobek.mikolow.eu\/index.php?rest_route=\/wp\/v2\/pages\/982","targetHints":{"allow":["GET"]}}],"collection":[{"href":"https:\/\/zlobek.mikolow.eu\/index.php?rest_route=\/wp\/v2\/pages"}],"about":[{"href":"https:\/\/zlobek.mikolow.eu\/index.php?rest_route=\/wp\/v2\/types\/page"}],"author":[{"embeddable":true,"href":"https:\/\/zlobek.mikolow.eu\/index.php?rest_route=\/wp\/v2\/users\/1"}],"replies":[{"embeddable":true,"href":"https:\/\/zlobek.mikolow.eu\/index.php?rest_route=%2Fwp%2Fv2%2Fcomments&post=982"}],"version-history":[{"count":3,"href":"https:\/\/zlobek.mikolow.eu\/index.php?rest_route=\/wp\/v2\/pages\/982\/revisions"}],"predecessor-version":[{"id":1009,"href":"https:\/\/zlobek.mikolow.eu\/index.php?rest_route=\/wp\/v2\/pages\/982\/revisions\/1009"}],"up":[{"embeddable":true,"href":"https:\/\/zlobek.mikolow.eu\/index.php?rest_route=\/wp\/v2\/pages\/1088"}],"wp:attachment":[{"href":"https:\/\/zlobek.mikolow.eu\/index.php?rest_route=%2Fwp%2Fv2%2Fmedia&parent=982"}],"curies":[{"name":"wp","href":"https:\/\/api.w.org\/{rel}","templated":true}]}}