{"id":989,"date":"2015-06-19T06:21:47","date_gmt":"2015-06-19T06:21:47","guid":{"rendered":"http:\/\/zlobek.mikolow.eu\/?page_id=989"},"modified":"2015-07-01T07:22:01","modified_gmt":"2015-07-01T07:22:01","slug":"czesc-6-drob-mieso-wedliny","status":"publish","type":"page","link":"https:\/\/zlobek.mikolow.eu\/?page_id=989","title":{"rendered":"Cz\u0119\u015b\u0107 6 ? dr\u00f3b , mi\u0119so , w\u0119dliny"},"content":{"rendered":"<p><a href=\"https:\/\/zlobek.mikolow.eu\/wp-content\/uploads\/2015\/06\/Zal-F-dr\u00f3b_PN-1.pdf\">Zal F dr\u00f3b_PN-1<\/a><\/p>\n<p><a href=\"https:\/\/zlobek.mikolow.eu\/wp-content\/uploads\/2015\/06\/zal-6-formularz-oferty_PN-1-cz-6.pdf\">zal 6 formularz oferty_PN-1- cz 6<\/a><\/p>\n","protected":false},"excerpt":{"rendered":"<p>Zal F dr\u00f3b_PN-1 zal 6 formularz oferty_PN-1- cz 6<\/p>\n","protected":false},"author":1,"featured_media":0,"parent":1088,"menu_order":0,"comment_status":"closed","ping_status":"closed","template":"","meta":{"footnotes":""},"class_list":["post-989","page","type-page","status-publish","hentry"],"_links":{"self":[{"href":"https:\/\/zlobek.mikolow.eu\/index.php?rest_route=\/wp\/v2\/pages\/989","targetHints":{"allow":["GET"]}}],"collection":[{"href":"https:\/\/zlobek.mikolow.eu\/index.php?rest_route=\/wp\/v2\/pages"}],"about":[{"href":"https:\/\/zlobek.mikolow.eu\/index.php?rest_route=\/wp\/v2\/types\/page"}],"author":[{"embeddable":true,"href":"https:\/\/zlobek.mikolow.eu\/index.php?rest_route=\/wp\/v2\/users\/1"}],"replies":[{"embeddable":true,"href":"https:\/\/zlobek.mikolow.eu\/index.php?rest_route=%2Fwp%2Fv2%2Fcomments&post=989"}],"version-history":[{"count":3,"href":"https:\/\/zlobek.mikolow.eu\/index.php?rest_route=\/wp\/v2\/pages\/989\/revisions"}],"predecessor-version":[{"id":1012,"href":"https:\/\/zlobek.mikolow.eu\/index.php?rest_route=\/wp\/v2\/pages\/989\/revisions\/1012"}],"up":[{"embeddable":true,"href":"https:\/\/zlobek.mikolow.eu\/index.php?rest_route=\/wp\/v2\/pages\/1088"}],"wp:attachment":[{"href":"https:\/\/zlobek.mikolow.eu\/index.php?rest_route=%2Fwp%2Fv2%2Fmedia&parent=989"}],"curies":[{"name":"wp","href":"https:\/\/api.w.org\/{rel}","templated":true}]}}