{"id":991,"date":"2015-06-19T06:22:41","date_gmt":"2015-06-19T06:22:41","guid":{"rendered":"http:\/\/zlobek.mikolow.eu\/?page_id=991"},"modified":"2015-07-01T07:22:09","modified_gmt":"2015-07-01T07:22:09","slug":"czesc-7-warzywa-i-owoce","status":"publish","type":"page","link":"https:\/\/zlobek.mikolow.eu\/?page_id=991","title":{"rendered":"Cz\u0119\u015b\u0107 7 ? warzywa i owoce"},"content":{"rendered":"<p><a href=\"https:\/\/zlobek.mikolow.eu\/wp-content\/uploads\/2015\/06\/Zal-G-warzywa_PN-1.pdf\">Zal G warzywa_PN-1<\/a><\/p>\n<p><a href=\"https:\/\/zlobek.mikolow.eu\/wp-content\/uploads\/2015\/06\/zal-7-formularz-oferty_PN-1-cz-7.pdf\">zal 7 formularz oferty_PN-1- cz 7<\/a><\/p>\n","protected":false},"excerpt":{"rendered":"<p>Zal G warzywa_PN-1 zal 7 formularz oferty_PN-1- cz 7<\/p>\n","protected":false},"author":1,"featured_media":0,"parent":1088,"menu_order":0,"comment_status":"closed","ping_status":"closed","template":"","meta":{"footnotes":""},"class_list":["post-991","page","type-page","status-publish","hentry"],"_links":{"self":[{"href":"https:\/\/zlobek.mikolow.eu\/index.php?rest_route=\/wp\/v2\/pages\/991","targetHints":{"allow":["GET"]}}],"collection":[{"href":"https:\/\/zlobek.mikolow.eu\/index.php?rest_route=\/wp\/v2\/pages"}],"about":[{"href":"https:\/\/zlobek.mikolow.eu\/index.php?rest_route=\/wp\/v2\/types\/page"}],"author":[{"embeddable":true,"href":"https:\/\/zlobek.mikolow.eu\/index.php?rest_route=\/wp\/v2\/users\/1"}],"replies":[{"embeddable":true,"href":"https:\/\/zlobek.mikolow.eu\/index.php?rest_route=%2Fwp%2Fv2%2Fcomments&post=991"}],"version-history":[{"count":3,"href":"https:\/\/zlobek.mikolow.eu\/index.php?rest_route=\/wp\/v2\/pages\/991\/revisions"}],"predecessor-version":[{"id":1013,"href":"https:\/\/zlobek.mikolow.eu\/index.php?rest_route=\/wp\/v2\/pages\/991\/revisions\/1013"}],"up":[{"embeddable":true,"href":"https:\/\/zlobek.mikolow.eu\/index.php?rest_route=\/wp\/v2\/pages\/1088"}],"wp:attachment":[{"href":"https:\/\/zlobek.mikolow.eu\/index.php?rest_route=%2Fwp%2Fv2%2Fmedia&parent=991"}],"curies":[{"name":"wp","href":"https:\/\/api.w.org\/{rel}","templated":true}]}}