{"id":993,"date":"2015-06-19T06:23:18","date_gmt":"2015-06-19T06:23:18","guid":{"rendered":"http:\/\/zlobek.mikolow.eu\/?page_id=993"},"modified":"2015-07-01T07:22:33","modified_gmt":"2015-07-01T07:22:33","slug":"czesc-8-produkty-dla-niemowlat","status":"publish","type":"page","link":"https:\/\/zlobek.mikolow.eu\/?page_id=993","title":{"rendered":"Cz\u0119\u015b\u0107 8 ? produkty dla niemowl\u0105t"},"content":{"rendered":"<p><a href=\"https:\/\/zlobek.mikolow.eu\/wp-content\/uploads\/2015\/06\/Zal-H-niemowleta_PN-1.pdf\">Zal H niemowleta_PN-1<\/a><\/p>\n<p><a href=\"https:\/\/zlobek.mikolow.eu\/wp-content\/uploads\/2015\/06\/zal-8-formularz-oferty_PN-1-cz-8.pdf\">zal 8 formularz oferty_PN-1- cz 8<\/a><\/p>\n","protected":false},"excerpt":{"rendered":"<p>Zal H niemowleta_PN-1 zal 8 formularz oferty_PN-1- cz 8<\/p>\n","protected":false},"author":1,"featured_media":0,"parent":1088,"menu_order":0,"comment_status":"closed","ping_status":"closed","template":"","meta":{"footnotes":""},"class_list":["post-993","page","type-page","status-publish","hentry"],"_links":{"self":[{"href":"https:\/\/zlobek.mikolow.eu\/index.php?rest_route=\/wp\/v2\/pages\/993","targetHints":{"allow":["GET"]}}],"collection":[{"href":"https:\/\/zlobek.mikolow.eu\/index.php?rest_route=\/wp\/v2\/pages"}],"about":[{"href":"https:\/\/zlobek.mikolow.eu\/index.php?rest_route=\/wp\/v2\/types\/page"}],"author":[{"embeddable":true,"href":"https:\/\/zlobek.mikolow.eu\/index.php?rest_route=\/wp\/v2\/users\/1"}],"replies":[{"embeddable":true,"href":"https:\/\/zlobek.mikolow.eu\/index.php?rest_route=%2Fwp%2Fv2%2Fcomments&post=993"}],"version-history":[{"count":3,"href":"https:\/\/zlobek.mikolow.eu\/index.php?rest_route=\/wp\/v2\/pages\/993\/revisions"}],"predecessor-version":[{"id":1014,"href":"https:\/\/zlobek.mikolow.eu\/index.php?rest_route=\/wp\/v2\/pages\/993\/revisions\/1014"}],"up":[{"embeddable":true,"href":"https:\/\/zlobek.mikolow.eu\/index.php?rest_route=\/wp\/v2\/pages\/1088"}],"wp:attachment":[{"href":"https:\/\/zlobek.mikolow.eu\/index.php?rest_route=%2Fwp%2Fv2%2Fmedia&parent=993"}],"curies":[{"name":"wp","href":"https:\/\/api.w.org\/{rel}","templated":true}]}}