{"id":995,"date":"2015-06-19T06:23:39","date_gmt":"2015-06-19T06:23:39","guid":{"rendered":"http:\/\/zlobek.mikolow.eu\/?page_id=995"},"modified":"2015-07-01T07:22:22","modified_gmt":"2015-07-01T07:22:22","slug":"czesc-9-produkty-dietetyczne","status":"publish","type":"page","link":"https:\/\/zlobek.mikolow.eu\/?page_id=995","title":{"rendered":"Cz\u0119\u015b\u0107 9 ? produkty dietetyczne"},"content":{"rendered":"<p><a href=\"https:\/\/zlobek.mikolow.eu\/wp-content\/uploads\/2015\/06\/Zal-I-dietetyczne_PN-1.pdf\">Zal I dietetyczne_PN-1<\/a><\/p>\n<p><a href=\"https:\/\/zlobek.mikolow.eu\/wp-content\/uploads\/2015\/06\/zal-9-formularz-oferty_PN-1-cz-9.pdf\">zal 9 formularz oferty_PN-1- cz 9<\/a><\/p>\n","protected":false},"excerpt":{"rendered":"<p>Zal I dietetyczne_PN-1 zal 9 formularz oferty_PN-1- cz 9<\/p>\n","protected":false},"author":1,"featured_media":0,"parent":1088,"menu_order":0,"comment_status":"closed","ping_status":"closed","template":"","meta":{"footnotes":""},"class_list":["post-995","page","type-page","status-publish","hentry"],"_links":{"self":[{"href":"https:\/\/zlobek.mikolow.eu\/index.php?rest_route=\/wp\/v2\/pages\/995","targetHints":{"allow":["GET"]}}],"collection":[{"href":"https:\/\/zlobek.mikolow.eu\/index.php?rest_route=\/wp\/v2\/pages"}],"about":[{"href":"https:\/\/zlobek.mikolow.eu\/index.php?rest_route=\/wp\/v2\/types\/page"}],"author":[{"embeddable":true,"href":"https:\/\/zlobek.mikolow.eu\/index.php?rest_route=\/wp\/v2\/users\/1"}],"replies":[{"embeddable":true,"href":"https:\/\/zlobek.mikolow.eu\/index.php?rest_route=%2Fwp%2Fv2%2Fcomments&post=995"}],"version-history":[{"count":3,"href":"https:\/\/zlobek.mikolow.eu\/index.php?rest_route=\/wp\/v2\/pages\/995\/revisions"}],"predecessor-version":[{"id":1006,"href":"https:\/\/zlobek.mikolow.eu\/index.php?rest_route=\/wp\/v2\/pages\/995\/revisions\/1006"}],"up":[{"embeddable":true,"href":"https:\/\/zlobek.mikolow.eu\/index.php?rest_route=\/wp\/v2\/pages\/1088"}],"wp:attachment":[{"href":"https:\/\/zlobek.mikolow.eu\/index.php?rest_route=%2Fwp%2Fv2%2Fmedia&parent=995"}],"curies":[{"name":"wp","href":"https:\/\/api.w.org\/{rel}","templated":true}]}}